{"id":16915,"date":"2026-03-26T14:00:18","date_gmt":"2026-03-26T13:00:18","guid":{"rendered":"https:\/\/le-garden.com\/?page_id=16915"},"modified":"2026-03-26T14:00:18","modified_gmt":"2026-03-26T13:00:18","slug":"candidature","status":"publish","type":"page","link":"https:\/\/le-garden.com\/index.php\/les-equipes-2\/rejoignez-nous\/candidature\/","title":{"rendered":"Votre candidature"},"content":{"rendered":"<div data-colibri-id=\"16873-c1\" class=\"style-4842 style-local-16873-c1 position-relative\">\r\n  <!---->\r\n  <div data-colibri-component=\"section\" data-colibri-id=\"16873-c2\" id=\"photo\" class=\"h-section h-section-global-spacing d-flex align-items-lg-center align-items-md-center align-items-center style-4843 style-local-16873-c2 position-relative\">\r\n    <!---->\r\n    <!---->\r\n    <div class=\"h-section-grid-container h-section-boxed-container\">\r\n      <!---->\r\n      <div data-colibri-id=\"16873-c3\" class=\"h-row-container gutters-row-lg-2 gutters-row-md-2 gutters-row-2 gutters-row-v-lg-2 gutters-row-v-md-2 gutters-row-v-2 style-4844 style-local-16873-c3 position-relative\">\r\n        <!---->\r\n        <div class=\"h-row justify-content-lg-center justify-content-md-center justify-content-center align-items-lg-center align-items-md-center align-items-center gutters-col-lg-2 gutters-col-md-2 gutters-col-2 gutters-col-v-lg-2 gutters-col-v-md-2 gutters-col-v-2\">\r\n          <!---->\r\n          <div class=\"h-column h-column-container d-flex h-col-lg-auto h-col-md-auto h-col-auto align-self-lg-center align-self-md-center align-self-center style-4845-outer style-local-16873-c4-outer\">\r\n            <div data-colibri-id=\"16873-c4\" class=\"d-flex h-flex-basis h-column__inner h-ui-empty-state-container h-px-lg-0 h-px-md-0 h-px-0 v-inner-lg-0 v-inner-md-0 v-inner-0 style-4845 style-local-16873-c4 position-relative\">\r\n              <!---->\r\n              <!---->\r\n              <div class=\"w-100 h-y-container h-column__content h-column__v-align flex-basis-100\">\r\n                <!---->\r\n              <\/div>\r\n            <\/div>\r\n          <\/div>\r\n        <\/div>\r\n      <\/div>\r\n    <\/div>\r\n  <\/div>\r\n  <div data-colibri-component=\"section\" data-colibri-id=\"16873-c5\" id=\"sous-titre-h3\" class=\"h-section h-section-global-spacing d-flex align-items-lg-center align-items-md-center align-items-center style-4846 style-local-16873-c5 position-relative\">\r\n    <!---->\r\n    <!---->\r\n    <div class=\"h-section-grid-container h-section-boxed-container\">\r\n      <!---->\r\n      <div data-colibri-id=\"16873-c6\" class=\"h-row-container gutters-row-lg-2 gutters-row-md-2 gutters-row-2 gutters-row-v-lg-2 gutters-row-v-md-2 gutters-row-v-2 style-4847 style-local-16873-c6 position-relative\">\r\n        <!---->\r\n        <div class=\"h-row justify-content-lg-center justify-content-md-center justify-content-center align-items-lg-stretch align-items-md-stretch align-items-stretch gutters-col-lg-2 gutters-col-md-2 gutters-col-2 gutters-col-v-lg-2 gutters-col-v-md-2 gutters-col-v-2\">\r\n          <!---->\r\n          <div class=\"h-column h-column-container d-flex h-col-lg-auto h-col-md-auto h-col-auto style-4848-outer style-local-16873-c7-outer\">\r\n            <div data-colibri-id=\"16873-c7\" class=\"d-flex h-flex-basis h-column__inner h-px-lg-2 h-px-md-2 h-px-2 v-inner-lg-2 v-inner-md-2 v-inner-2 style-4848 style-local-16873-c7 position-relative\">\r\n              <!---->\r\n              <!---->\r\n              <div class=\"w-100 h-y-container h-column__content h-column__v-align flex-basis-100 align-self-lg-center align-self-md-center align-self-center\">\r\n                <!---->\r\n                <div data-colibri-id=\"16873-c8\" class=\"h-text h-text-component style-4849 style-local-16873-c8 position-relative h-element\">\r\n                  <!---->\r\n                  <!---->\r\n                  <div class=\"\">\r\n                    <h3><em style=\"font-size: 51%; color: rgb(207, 166, 111);\">Le Garden Traiteur vous accompagne dans la cr\u00e9ation de vos \u00e9v\u00e9nements au del\u00e0 de nos murs.<\/em><\/h3>\r\n                    <p>\r\n                      <br>\r\n                    <\/p>\r\n                  <\/div>\r\n                <\/div>\r\n              <\/div>\r\n            <\/div>\r\n          <\/div>\r\n        <\/div>\r\n      <\/div>\r\n    <\/div>\r\n  <\/div>\r\n  <div data-colibri-component=\"section\" data-colibri-id=\"16873-c9\" id=\"titre-h1\" class=\"h-section h-section-global-spacing d-flex align-items-lg-center align-items-md-center align-items-center style-4850 style-local-16873-c9 position-relative\">\r\n    <!---->\r\n    <!---->\r\n    <div class=\"h-section-grid-container h-section-boxed-container\">\r\n      <!---->\r\n      <div data-colibri-id=\"16873-c10\" class=\"h-row-container gutters-row-lg-2 gutters-row-md-2 gutters-row-0 gutters-row-v-lg-2 gutters-row-v-md-2 gutters-row-v-2 style-4851 style-local-16873-c10 position-relative\">\r\n        <!---->\r\n        <div class=\"h-row justify-content-lg-center justify-content-md-center justify-content-center align-items-lg-stretch align-items-md-stretch align-items-stretch gutters-col-lg-2 gutters-col-md-2 gutters-col-0 gutters-col-v-lg-2 gutters-col-v-md-2 gutters-col-v-2\">\r\n          <!---->\r\n          <div class=\"h-column h-column-container d-flex h-col-lg-auto h-col-md-auto h-col-auto style-4852-outer style-local-16873-c11-outer\">\r\n            <div data-colibri-id=\"16873-c11\" class=\"d-flex h-flex-basis h-column__inner h-px-lg-2 h-px-md-2 h-px-2 v-inner-lg-2 v-inner-md-2 v-inner-2 style-4852 style-local-16873-c11 position-relative\">\r\n              <!---->\r\n              <!---->\r\n              <div class=\"w-100 h-y-container h-column__content h-column__v-align flex-basis-100 align-self-lg-start align-self-md-start align-self-start\">\r\n                <!---->\r\n                <div data-colibri-id=\"16873-c12\" class=\"h-text h-text-component style-4853 style-local-16873-c12 position-relative h-element\">\r\n                  <!---->\r\n                  <!---->\r\n                  <div class=\"\">\r\n                    <h1>Demandez votre devis<\/h1>\r\n                    <p>\r\n                      <br>\r\n                    <\/p>\r\n                  <\/div>\r\n                <\/div>\r\n              <\/div>\r\n            <\/div>\r\n          <\/div>\r\n        <\/div>\r\n      <\/div>\r\n    <\/div>\r\n  <\/div>\r\n  <div data-colibri-component=\"section\" data-colibri-id=\"16873-c13\" id=\"reusable-sections\" class=\"h-section h-section-global-spacing d-flex align-items-lg-center align-items-md-center align-items-center style-4882 style-local-16873-c13 position-relative\">\r\n    <!---->\r\n    <!---->\r\n    <div class=\"h-section-grid-container h-section-boxed-container\">\r\n      <!---->\r\n      <div data-colibri-id=\"16873-c14\" class=\"h-row-container gutters-row-lg-0 gutters-row-md-0 gutters-row-0 gutters-row-v-lg-0 gutters-row-v-md-0 gutters-row-v-0 style-4883 style-local-16873-c14 position-relative\">\r\n        <!---->\r\n        <div class=\"h-row justify-content-lg-center justify-content-md-center justify-content-center align-items-lg-stretch align-items-md-stretch align-items-stretch gutters-col-lg-0 gutters-col-md-0 gutters-col-0 gutters-col-v-lg-0 gutters-col-v-md-0 gutters-col-v-0\">\r\n          <!---->\r\n          <div class=\"h-column h-column-container d-flex h-col-lg-auto h-col-md-auto h-col-auto style-4884-outer style-local-16873-c15-outer\">\r\n            <div data-colibri-id=\"16873-c15\" class=\"d-flex h-flex-basis h-column__inner h-px-lg-2 h-px-md-2 h-px-2 v-inner-lg-2 v-inner-md-2 v-inner-2 style-4884 style-local-16873-c15 position-relative\">\r\n              <!---->\r\n              <!---->\r\n              <div class=\"w-100 h-y-container h-column__content h-column__v-align flex-basis-auto align-self-lg-start align-self-md-start align-self-start\">\r\n                <!---->\r\n                <div data-colibri-id=\"16873-c16\" class=\"h-global-transition-all h-heading style-4885 style-local-16873-c16 position-relative h-element\">\r\n                  <!---->\r\n                  <div class=\"h-heading__outer style-4885 style-local-16873-c16\">\r\n                    <!---->\r\n                    <!---->\r\n                    <h3 class=\"\">Votre demande<\/h3>\r\n                  <\/div>\r\n                <\/div>\r\n              <\/div>\r\n            <\/div>\r\n          <\/div>\r\n        <\/div>\r\n      <\/div>\r\n      <div data-colibri-id=\"16873-c17\" class=\"h-row-container gutters-row-lg-2 gutters-row-md-2 gutters-row-2 gutters-row-v-lg-0 gutters-row-v-md-0 gutters-row-v-2 style-4886 style-local-16873-c17 position-relative\">\r\n        <!---->\r\n        <div class=\"h-row justify-content-lg-center justify-content-md-center justify-content-center align-items-lg-stretch align-items-md-stretch align-items-stretch gutters-col-lg-2 gutters-col-md-2 gutters-col-2 gutters-col-v-lg-0 gutters-col-v-md-0 gutters-col-v-2\">\r\n          <!---->\r\n          <div class=\"h-column h-column-container d-flex h-col-lg-auto h-col-md-auto h-col-auto style-4887-outer style-local-16873-c18-outer\">\r\n            <div data-colibri-id=\"16873-c18\" class=\"d-flex h-flex-basis h-column__inner h-px-lg-2 h-px-md-2 h-px-2 v-inner-lg-2 v-inner-md-2 v-inner-2 style-4887 style-local-16873-c18 position-relative\">\r\n              <!---->\r\n              <!---->\r\n              <div class=\"w-100 h-y-container h-column__content h-column__v-align flex-basis-100 align-self-lg-start align-self-md-start align-self-start\">\r\n                <!---->\r\n                <div data-colibri-id=\"16873-c19\" class=\"style-4888 style-local-16873-c19 position-relative h-element\">\r\n                  <!---->\r\n                  <div class=\"h-global-transition-all h-global-transition h-global-transition-all h-contact-form-shortcode\">\n<div class=\"wpcf7 no-js\" id=\"wpcf7-f722-o1\" lang=\"fr-FR\" dir=\"ltr\" data-wpcf7-id=\"722\">\n<div class=\"screen-reader-response\"><p role=\"status\" aria-live=\"polite\" aria-atomic=\"true\"><\/p> <ul><\/ul><\/div>\n<form action=\"\/index.php\/wp-json\/wp\/v2\/pages\/16915#wpcf7-f722-o1\" method=\"post\" class=\"wpcf7-form init\" aria-label=\"Formulaire de contact\" novalidate=\"novalidate\" data-status=\"init\">\n<fieldset class=\"hidden-fields-container\"><input type=\"hidden\" name=\"_wpcf7\" value=\"722\" \/><input type=\"hidden\" name=\"_wpcf7_version\" value=\"6.1.5\" \/><input type=\"hidden\" name=\"_wpcf7_locale\" value=\"fr_FR\" \/><input type=\"hidden\" name=\"_wpcf7_unit_tag\" value=\"wpcf7-f722-o1\" \/><input type=\"hidden\" name=\"_wpcf7_container_post\" value=\"0\" \/><input type=\"hidden\" name=\"_wpcf7_posted_data_hash\" value=\"\" \/>\n<\/fieldset>\n<p><label> Votre Nom Pr\u00e9nom (obligatoire)<br \/>\n<span class=\"wpcf7-form-control-wrap\" data-name=\"your-name\"><input size=\"40\" maxlength=\"400\" class=\"wpcf7-form-control wpcf7-text wpcf7-validates-as-required\" aria-required=\"true\" aria-invalid=\"false\" placeholder=\"Votre nom pr\u00e9nom\" value=\"\" type=\"text\" name=\"your-name\" \/><\/span> <\/label>\n<\/p>\n<p><label> Votre situation<br \/>\n<span class=\"wpcf7-form-control-wrap\" data-name=\"EPA\"><select class=\"wpcf7-form-control wpcf7-select wpcf7-validates-as-required\" aria-required=\"true\" aria-invalid=\"false\" name=\"EPA\"><option value=\"Entreprise\">Entreprise<\/option><option value=\"Particulier\">Particulier<\/option><option value=\"Association\">Association<\/option><\/select><\/span> <\/label>\n<\/p>\n<p><label> Votre adresse de messagerie (obligatoire)<br \/>\n<span class=\"wpcf7-form-control-wrap\" data-name=\"your-email\"><input size=\"40\" maxlength=\"400\" class=\"wpcf7-form-control wpcf7-email wpcf7-validates-as-required wpcf7-text wpcf7-validates-as-email\" aria-required=\"true\" aria-invalid=\"false\" value=\"\" type=\"email\" name=\"your-email\" \/><\/span> <\/label>\n<\/p>\n<p><label> Votre t\u00e9l\u00e9phone (obligatoire)<br \/>\n<span class=\"wpcf7-form-control-wrap\" data-name=\"Numrodetlphone\"><input size=\"40\" maxlength=\"400\" class=\"wpcf7-form-control wpcf7-tel wpcf7-validates-as-required wpcf7-text wpcf7-validates-as-tel\" aria-required=\"true\" aria-invalid=\"false\" placeholder=\".. .. .. .. ..\" value=\"\" type=\"tel\" name=\"Numrodetlphone\" \/><\/span> <\/label>\n<\/p>\n<p><span class=\"wpcf7-form-control-wrap\" data-name=\"Situation\"><span class=\"wpcf7-form-control wpcf7-checkbox\"><span class=\"wpcf7-list-item first\"><span class=\"wpcf7-list-item-label\">S\u00e9minaire<\/span><input type=\"checkbox\" name=\"Situation[]\" value=\"S\u00e9minaire\" \/><\/span><span class=\"wpcf7-list-item\"><span class=\"wpcf7-list-item-label\">Cocktail<\/span><input type=\"checkbox\" name=\"Situation[]\" value=\"Cocktail\" \/><\/span><span class=\"wpcf7-list-item\"><span class=\"wpcf7-list-item-label\">Journ\u00e9e d&#039;entreprise<\/span><input type=\"checkbox\" name=\"Situation[]\" value=\"Journ\u00e9e d&#039;entreprise\" \/><\/span><span class=\"wpcf7-list-item\"><span class=\"wpcf7-list-item-label\">Mariage<\/span><input type=\"checkbox\" name=\"Situation[]\" value=\"Mariage\" \/><\/span><span class=\"wpcf7-list-item\"><span class=\"wpcf7-list-item-label\">Anniversaire<\/span><input type=\"checkbox\" name=\"Situation[]\" value=\"Anniversaire\" \/><\/span><span class=\"wpcf7-list-item last\"><span class=\"wpcf7-list-item-label\">Autre<\/span><input type=\"checkbox\" name=\"Situation[]\" value=\"Autre\" \/><\/span><\/span><\/span>\n<\/p>\n<p><label> Nombres de convives<br \/>\n<span class=\"wpcf7-form-control-wrap\" data-name=\"NOMBREDEPAX\"><input class=\"wpcf7-form-control wpcf7-number wpcf7-validates-as-required wpcf7-validates-as-number\" min=\"0\" max=\"100\" aria-required=\"true\" aria-invalid=\"false\" value=\"\" type=\"number\" name=\"NOMBREDEPAX\" \/><\/span> <\/label>\n<\/p>\n<p><label> Objet (obligatoire)<br \/>\n<span class=\"wpcf7-form-control-wrap\" data-name=\"your-subject\"><input size=\"40\" maxlength=\"400\" class=\"wpcf7-form-control wpcf7-text\" aria-invalid=\"false\" value=\"\" type=\"text\" name=\"your-subject\" \/><\/span> <\/label>\n<\/p>\n<p><label> Votre message<br \/>\n<span class=\"wpcf7-form-control-wrap\" data-name=\"your-message\"><textarea cols=\"40\" rows=\"10\" maxlength=\"2000\" class=\"wpcf7-form-control wpcf7-textarea\" aria-invalid=\"false\" name=\"your-message\"><\/textarea><\/span> <\/label>\n<\/p>\n<p><input class=\"wpcf7-form-control wpcf7-submit has-spinner\" type=\"submit\" value=\"Envoyer\" \/>\n<\/p><p style=\"display: none !important;\" class=\"akismet-fields-container\" data-prefix=\"_wpcf7_ak_\"><label>&#916;<textarea name=\"_wpcf7_ak_hp_textarea\" cols=\"45\" rows=\"8\" maxlength=\"100\"><\/textarea><\/label><input type=\"hidden\" id=\"ak_js_1\" name=\"_wpcf7_ak_js\" value=\"148\"\/><script type=\"text\/javascript\">\n\/* <![CDATA[ *\/\ndocument.getElementById( \"ak_js_1\" ).setAttribute( \"value\", ( new Date() ).getTime() );\n\/* ]]> *\/\n<\/script>\n<\/p><div class=\"wpcf7-response-output\" aria-hidden=\"true\"><\/div>\n<\/form>\n<\/div>\n<\/div>\r\n                <\/div>\r\n              <\/div>\r\n            <\/div>\r\n          <\/div>\r\n        <\/div>\r\n      <\/div>\r\n    <\/div>\r\n  <\/div>\r\n<\/div>","protected":false},"excerpt":{"rendered":"<p>Le Garden Traiteur vous accompagne dans la cr\u00e9ation de vos \u00e9v\u00e9nements au del\u00e0 de nos murs. Demandez votre devis Votre demande<\/p>\n","protected":false},"author":1,"featured_media":0,"parent":14239,"menu_order":0,"comment_status":"closed","ping_status":"closed","template":"page-templates\/full-width-page.php","meta":{"footnotes":""},"class_list":["post-16915","page","type-page","status-publish","hentry"],"yoast_head":"<!-- This site is optimized with the Yoast SEO plugin v27.1.1 - https:\/\/yoast.com\/product\/yoast-seo-wordpress\/ -->\n<title>Votre candidature - Le Garden<\/title>\n<meta name=\"robots\" content=\"index, follow, max-snippet:-1, max-image-preview:large, max-video-preview:-1\" \/>\n<link rel=\"canonical\" href=\"https:\/\/le-garden.com\/index.php\/les-equipes-2\/rejoignez-nous\/candidature\/\" \/>\n<meta property=\"og:locale\" content=\"fr_FR\" \/>\n<meta property=\"og:type\" content=\"article\" \/>\n<meta property=\"og:title\" content=\"Votre candidature - Le Garden\" \/>\n<meta property=\"og:description\" content=\"Le Garden Traiteur vous accompagne dans la cr\u00e9ation de vos \u00e9v\u00e9nements au del\u00e0 de nos murs. Demandez votre devis Votre demande\" \/>\n<meta property=\"og:url\" content=\"https:\/\/le-garden.com\/index.php\/les-equipes-2\/rejoignez-nous\/candidature\/\" \/>\n<meta property=\"og:site_name\" content=\"Le Garden\" \/>\n<meta name=\"twitter:card\" content=\"summary_large_image\" \/>\n<meta name=\"twitter:label1\" content=\"Dur\u00e9e de lecture estim\u00e9e\" \/>\n\t<meta name=\"twitter:data1\" content=\"1 minute\" \/>\n<script type=\"application\/ld+json\" class=\"yoast-schema-graph\">{\"@context\":\"https:\/\/schema.org\",\"@graph\":[{\"@type\":\"WebPage\",\"@id\":\"https:\/\/le-garden.com\/index.php\/les-equipes-2\/rejoignez-nous\/candidature\/\",\"url\":\"https:\/\/le-garden.com\/index.php\/les-equipes-2\/rejoignez-nous\/candidature\/\",\"name\":\"Votre candidature - Le Garden\",\"isPartOf\":{\"@id\":\"https:\/\/le-garden.com\/#website\"},\"datePublished\":\"2026-03-26T13:00:18+00:00\",\"breadcrumb\":{\"@id\":\"https:\/\/le-garden.com\/index.php\/les-equipes-2\/rejoignez-nous\/candidature\/#breadcrumb\"},\"inLanguage\":\"fr-FR\",\"potentialAction\":[{\"@type\":\"ReadAction\",\"target\":[\"https:\/\/le-garden.com\/index.php\/les-equipes-2\/rejoignez-nous\/candidature\/\"]}]},{\"@type\":\"BreadcrumbList\",\"@id\":\"https:\/\/le-garden.com\/index.php\/les-equipes-2\/rejoignez-nous\/candidature\/#breadcrumb\",\"itemListElement\":[{\"@type\":\"ListItem\",\"position\":1,\"name\":\"Accueil\",\"item\":\"https:\/\/le-garden.com\/\"},{\"@type\":\"ListItem\",\"position\":2,\"name\":\"Recrutement\",\"item\":\"https:\/\/le-garden.com\/index.php\/les-equipes-2\/\"},{\"@type\":\"ListItem\",\"position\":3,\"name\":\"Rejoignez-nous\",\"item\":\"https:\/\/le-garden.com\/index.php\/les-equipes-2\/rejoignez-nous\/\"},{\"@type\":\"ListItem\",\"position\":4,\"name\":\"Votre candidature\"}]},{\"@type\":\"WebSite\",\"@id\":\"https:\/\/le-garden.com\/#website\",\"url\":\"https:\/\/le-garden.com\/\",\"name\":\"Le Garden\",\"description\":\"Restaurant\",\"publisher\":{\"@id\":\"https:\/\/le-garden.com\/#organization\"},\"potentialAction\":[{\"@type\":\"SearchAction\",\"target\":{\"@type\":\"EntryPoint\",\"urlTemplate\":\"https:\/\/le-garden.com\/?s={search_term_string}\"},\"query-input\":{\"@type\":\"PropertyValueSpecification\",\"valueRequired\":true,\"valueName\":\"search_term_string\"}}],\"inLanguage\":\"fr-FR\"},{\"@type\":\"Organization\",\"@id\":\"https:\/\/le-garden.com\/#organization\",\"name\":\"Le Garden\",\"url\":\"https:\/\/le-garden.com\/\",\"logo\":{\"@type\":\"ImageObject\",\"inLanguage\":\"fr-FR\",\"@id\":\"https:\/\/le-garden.com\/#\/schema\/logo\/image\/\",\"url\":\"https:\/\/le-garden.com\/wp-content\/uploads\/2023\/10\/cropped-LOGO_LE-GARDEN_RESTAURANT_V.png\",\"contentUrl\":\"https:\/\/le-garden.com\/wp-content\/uploads\/2023\/10\/cropped-LOGO_LE-GARDEN_RESTAURANT_V.png\",\"width\":5906,\"height\":5906,\"caption\":\"Le Garden\"},\"image\":{\"@id\":\"https:\/\/le-garden.com\/#\/schema\/logo\/image\/\"}}]}<\/script>\n<!-- \/ Yoast SEO plugin. -->","yoast_head_json":{"title":"Votre candidature - Le Garden","robots":{"index":"index","follow":"follow","max-snippet":"max-snippet:-1","max-image-preview":"max-image-preview:large","max-video-preview":"max-video-preview:-1"},"canonical":"https:\/\/le-garden.com\/index.php\/les-equipes-2\/rejoignez-nous\/candidature\/","og_locale":"fr_FR","og_type":"article","og_title":"Votre candidature - Le Garden","og_description":"Le Garden Traiteur vous accompagne dans la cr\u00e9ation de vos \u00e9v\u00e9nements au del\u00e0 de nos murs. Demandez votre devis Votre demande","og_url":"https:\/\/le-garden.com\/index.php\/les-equipes-2\/rejoignez-nous\/candidature\/","og_site_name":"Le Garden","twitter_card":"summary_large_image","twitter_misc":{"Dur\u00e9e de lecture estim\u00e9e":"1 minute"},"schema":{"@context":"https:\/\/schema.org","@graph":[{"@type":"WebPage","@id":"https:\/\/le-garden.com\/index.php\/les-equipes-2\/rejoignez-nous\/candidature\/","url":"https:\/\/le-garden.com\/index.php\/les-equipes-2\/rejoignez-nous\/candidature\/","name":"Votre candidature - Le Garden","isPartOf":{"@id":"https:\/\/le-garden.com\/#website"},"datePublished":"2026-03-26T13:00:18+00:00","breadcrumb":{"@id":"https:\/\/le-garden.com\/index.php\/les-equipes-2\/rejoignez-nous\/candidature\/#breadcrumb"},"inLanguage":"fr-FR","potentialAction":[{"@type":"ReadAction","target":["https:\/\/le-garden.com\/index.php\/les-equipes-2\/rejoignez-nous\/candidature\/"]}]},{"@type":"BreadcrumbList","@id":"https:\/\/le-garden.com\/index.php\/les-equipes-2\/rejoignez-nous\/candidature\/#breadcrumb","itemListElement":[{"@type":"ListItem","position":1,"name":"Accueil","item":"https:\/\/le-garden.com\/"},{"@type":"ListItem","position":2,"name":"Recrutement","item":"https:\/\/le-garden.com\/index.php\/les-equipes-2\/"},{"@type":"ListItem","position":3,"name":"Rejoignez-nous","item":"https:\/\/le-garden.com\/index.php\/les-equipes-2\/rejoignez-nous\/"},{"@type":"ListItem","position":4,"name":"Votre candidature"}]},{"@type":"WebSite","@id":"https:\/\/le-garden.com\/#website","url":"https:\/\/le-garden.com\/","name":"Le Garden","description":"Restaurant","publisher":{"@id":"https:\/\/le-garden.com\/#organization"},"potentialAction":[{"@type":"SearchAction","target":{"@type":"EntryPoint","urlTemplate":"https:\/\/le-garden.com\/?s={search_term_string}"},"query-input":{"@type":"PropertyValueSpecification","valueRequired":true,"valueName":"search_term_string"}}],"inLanguage":"fr-FR"},{"@type":"Organization","@id":"https:\/\/le-garden.com\/#organization","name":"Le Garden","url":"https:\/\/le-garden.com\/","logo":{"@type":"ImageObject","inLanguage":"fr-FR","@id":"https:\/\/le-garden.com\/#\/schema\/logo\/image\/","url":"https:\/\/le-garden.com\/wp-content\/uploads\/2023\/10\/cropped-LOGO_LE-GARDEN_RESTAURANT_V.png","contentUrl":"https:\/\/le-garden.com\/wp-content\/uploads\/2023\/10\/cropped-LOGO_LE-GARDEN_RESTAURANT_V.png","width":5906,"height":5906,"caption":"Le Garden"},"image":{"@id":"https:\/\/le-garden.com\/#\/schema\/logo\/image\/"}}]}},"_links":{"self":[{"href":"https:\/\/le-garden.com\/index.php\/wp-json\/wp\/v2\/pages\/16915","targetHints":{"allow":["GET"]}}],"collection":[{"href":"https:\/\/le-garden.com\/index.php\/wp-json\/wp\/v2\/pages"}],"about":[{"href":"https:\/\/le-garden.com\/index.php\/wp-json\/wp\/v2\/types\/page"}],"author":[{"embeddable":true,"href":"https:\/\/le-garden.com\/index.php\/wp-json\/wp\/v2\/users\/1"}],"replies":[{"embeddable":true,"href":"https:\/\/le-garden.com\/index.php\/wp-json\/wp\/v2\/comments?post=16915"}],"version-history":[{"count":1,"href":"https:\/\/le-garden.com\/index.php\/wp-json\/wp\/v2\/pages\/16915\/revisions"}],"predecessor-version":[{"id":16916,"href":"https:\/\/le-garden.com\/index.php\/wp-json\/wp\/v2\/pages\/16915\/revisions\/16916"}],"up":[{"embeddable":true,"href":"https:\/\/le-garden.com\/index.php\/wp-json\/wp\/v2\/pages\/14239"}],"wp:attachment":[{"href":"https:\/\/le-garden.com\/index.php\/wp-json\/wp\/v2\/media?parent=16915"}],"curies":[{"name":"wp","href":"https:\/\/api.w.org\/{rel}","templated":true}]}}