{"id":15871,"date":"2025-11-27T09:49:23","date_gmt":"2025-11-27T08:49:23","guid":{"rendered":"https:\/\/le-garden.com\/?page_id=15871"},"modified":"2025-11-27T10:06:22","modified_gmt":"2025-11-27T09:06:22","slug":"les-delices-a-emporter-2","status":"publish","type":"page","link":"https:\/\/le-garden.com\/index.php\/les-delices-a-emporter-2\/","title":{"rendered":"Les d\u00e9lices \u00e0 emporter de fin d&rsquo;ann\u00e9e"},"content":{"rendered":"<div data-colibri-id=\"15871-c1\" class=\"style-4628 style-local-15871-c1 position-relative\">\n  <!---->\n  <div data-colibri-component=\"section\" data-colibri-id=\"15871-c2\" id=\"photo\" class=\"h-section h-section-global-spacing d-flex align-items-lg-center align-items-md-center align-items-center style-4629 style-local-15871-c2 position-relative\">\n    <!---->\n    <!---->\n    <div class=\"h-section-grid-container h-section-boxed-container\">\n      <!---->\n      <div data-colibri-id=\"15871-c3\" class=\"h-row-container gutters-row-lg-2 gutters-row-md-2 gutters-row-2 gutters-row-v-lg-2 gutters-row-v-md-2 gutters-row-v-2 style-4630 style-local-15871-c3 position-relative\">\n        <!---->\n        <div class=\"h-row justify-content-lg-center justify-content-md-center justify-content-center align-items-lg-center align-items-md-center align-items-center gutters-col-lg-2 gutters-col-md-2 gutters-col-2 gutters-col-v-lg-2 gutters-col-v-md-2 gutters-col-v-2\">\n          <!---->\n          <div class=\"h-column h-column-container d-flex h-col-lg-auto h-col-md-auto h-col-auto align-self-lg-center align-self-md-center align-self-center style-4631-outer style-local-15871-c4-outer\">\n            <div data-colibri-id=\"15871-c4\" class=\"d-flex h-flex-basis h-column__inner h-ui-empty-state-container h-px-lg-0 h-px-md-0 h-px-0 v-inner-lg-0 v-inner-md-0 v-inner-0 style-4631 style-local-15871-c4 position-relative\">\n              <!---->\n              <!---->\n              <div class=\"w-100 h-y-container h-column__content h-column__v-align flex-basis-100\">\n                <!---->\n              <\/div>\n            <\/div>\n          <\/div>\n        <\/div>\n      <\/div>\n    <\/div>\n  <\/div>\n  <div data-colibri-component=\"section\" data-colibri-id=\"15871-c5\" id=\"custom\" class=\"h-section h-section-global-spacing d-flex align-items-lg-center align-items-md-center align-items-center style-4632 style-local-15871-c5 position-relative\">\n    <!---->\n    <!---->\n    <div class=\"h-section-grid-container h-section-boxed-container\">\n      <!---->\n      <div data-colibri-id=\"15871-c6\" class=\"h-row-container gutters-row-lg-2 gutters-row-md-2 gutters-row-0 gutters-row-v-lg-2 gutters-row-v-md-2 gutters-row-v-2 style-4633 style-local-15871-c6 position-relative\">\n        <!---->\n        <div class=\"h-row justify-content-lg-center justify-content-md-center justify-content-center align-items-lg-stretch align-items-md-stretch align-items-stretch gutters-col-lg-2 gutters-col-md-2 gutters-col-0 gutters-col-v-lg-2 gutters-col-v-md-2 gutters-col-v-2\">\n          <!---->\n          <div class=\"h-column h-column-container d-flex h-col-lg-auto h-col-md-auto h-col-auto style-4634-outer style-local-15871-c7-outer\">\n            <div data-colibri-id=\"15871-c7\" class=\"d-flex h-flex-basis h-column__inner h-px-lg-2 h-px-md-2 h-px-2 v-inner-lg-2 v-inner-md-2 v-inner-2 style-4634 style-local-15871-c7 position-relative\">\n              <!---->\n              <!---->\n              <div class=\"w-100 h-y-container h-column__content h-column__v-align flex-basis-100 align-self-lg-start align-self-md-start align-self-start\">\n                <!---->\n                <div data-colibri-id=\"15871-c8\" class=\"h-text h-text-component style-4635 style-local-15871-c8 position-relative h-element\">\n                  <!---->\n                  <!---->\n                  <div class=\"\">\n                    <p><em style=\"color: rgb(207, 166, 111);\">Nos \u00e9quipes cuisinent \u00e9galement \u00e0 emporter, des mets de qualit\u00e9, r\u00e9alis\u00e9s Maison, qui sauront satisfaire vos papilles !<\/em><\/p>\n                  <\/div>\n                <\/div>\n              <\/div>\n            <\/div>\n          <\/div>\n        <\/div>\n      <\/div>\n    <\/div>\n  <\/div>\n  <div data-colibri-component=\"section\" data-colibri-id=\"15871-c9\" id=\"titre-h1\" class=\"h-section h-section-global-spacing d-flex align-items-lg-center align-items-md-center align-items-center style-4636 style-local-15871-c9 position-relative\">\n    <!---->\n    <!---->\n    <div class=\"h-section-grid-container h-section-boxed-container\">\n      <!---->\n      <div data-colibri-id=\"15871-c10\" class=\"h-row-container gutters-row-lg-2 gutters-row-md-2 gutters-row-0 gutters-row-v-lg-2 gutters-row-v-md-2 gutters-row-v-2 style-4637 style-local-15871-c10 position-relative\">\n        <!---->\n        <div class=\"h-row justify-content-lg-center justify-content-md-center justify-content-center align-items-lg-stretch align-items-md-stretch align-items-stretch gutters-col-lg-2 gutters-col-md-2 gutters-col-0 gutters-col-v-lg-2 gutters-col-v-md-2 gutters-col-v-2\">\n          <!---->\n          <div class=\"h-column h-column-container d-flex h-col-lg-auto h-col-md-auto h-col-auto style-4638-outer style-local-15871-c11-outer\">\n            <div data-colibri-id=\"15871-c11\" class=\"d-flex h-flex-basis h-column__inner h-px-lg-2 h-px-md-2 h-px-2 v-inner-lg-2 v-inner-md-2 v-inner-2 style-4638 style-local-15871-c11 position-relative\">\n              <!---->\n              <!---->\n              <div class=\"w-100 h-y-container h-column__content h-column__v-align flex-basis-100 align-self-lg-start align-self-md-start align-self-start\">\n                <!---->\n                <div data-colibri-id=\"15871-c12\" class=\"h-text h-text-component style-4639 style-local-15871-c12 position-relative h-element\">\n                  <!---->\n                  <!---->\n                  <div class=\"\">\n                    <h1>Les D\u00e9lices \u00e0 Emporter pour vos festivit\u00e9s de fin d&rsquo;ann\u00e9e\u2026<\/h1>\n                    <p>\n                      <br>\n                    <\/p>\n                  <\/div>\n                <\/div>\n              <\/div>\n            <\/div>\n          <\/div>\n        <\/div>\n      <\/div>\n    <\/div>\n  <\/div>\n  <div data-colibri-component=\"section\" data-colibri-id=\"15871-c13\" id=\"about\" class=\"h-section h-section-global-spacing d-flex align-items-lg-center align-items-md-center align-items-center style-4640 style-local-15871-c13 position-relative\">\n    <!---->\n    <!---->\n    <div class=\"h-section-grid-container h-section-fluid-container\">\n      <!---->\n      <div data-colibri-id=\"15871-c14\" class=\"h-row-container gutters-row-lg-0 gutters-row-md-0 gutters-row-0 gutters-row-v-lg-0 gutters-row-v-md-0 gutters-row-v-0 style-4641 style-local-15871-c14 position-relative\">\n        <!---->\n        <div class=\"h-row justify-content-lg-center justify-content-md-center justify-content-center align-items-lg-stretch align-items-md-stretch align-items-stretch gutters-col-lg-0 gutters-col-md-0 gutters-col-0 gutters-col-v-lg-0 gutters-col-v-md-0 gutters-col-v-0\">\n          <!---->\n          <div class=\"h-column h-column-container d-flex h-col-lg-auto h-col-md-auto h-col-auto style-4642-outer style-local-15871-c15-outer\">\n            <div data-colibri-id=\"15871-c15\" class=\"d-flex h-flex-basis h-column__inner h-ui-empty-state-container h-px-lg-0 h-px-md-0 h-px-0 v-inner-lg-0 v-inner-md-0 v-inner-0 style-4642 style-local-15871-c15 position-relative\">\n              <!---->\n              <!---->\n              <div class=\"w-100 h-y-container h-column__content h-column__v-align flex-basis-100\">\n                <!---->\n              <\/div>\n            <\/div>\n          <\/div>\n          <div class=\"h-column h-column-container d-flex h-col-lg-auto h-col-md-auto h-col-auto style-4643-outer style-local-15871-c16-outer\">\n            <div data-colibri-id=\"15871-c16\" class=\"d-flex h-flex-basis h-column__inner h-px-lg-2 h-px-md-2 h-px-2 v-inner-lg-2 v-inner-md-2 v-inner-2 style-4643 style-local-15871-c16 position-relative\">\n              <!---->\n              <!---->\n              <div class=\"w-100 h-y-container h-column__content h-column__v-align flex-basis-100 align-self-lg-start align-self-md-start align-self-start\">\n                <!---->\n                <div data-colibri-id=\"15871-c17\" class=\"h-global-transition-all h-heading style-4644 style-local-15871-c17 position-relative h-element\">\n                  <!---->\n                  <div class=\"h-heading__outer style-4644 style-local-15871-c17\">\n                    <!---->\n                    <!---->\n                    <h2 class=\"\"><span style=\"color: rgb(207, 155, 70); font-size: 88%;\">Les plateaux<\/span><\/h2>\n                  <\/div>\n                <\/div>\n                <div data-colibri-id=\"15871-c18\" class=\"h-text h-text-component style-4645 style-local-15871-c18 position-relative h-element\">\n                  <!---->\n                  <!---->\n                  <div class=\"\">\n                    <p><span style=\"font-size: 16.16px; font-weight: 400; font-family: tw-cen-mt; color: rgb(23, 37, 42);\">Plateau de saumon fum\u00e9 par nos soins (60g)&nbsp;<\/span><span style=\"font-size: 16.16px; font-weight: 400; font-family: tw-cen-mt; color: rgb(207, 155, 70);\">&#8211; 6 \u20ac \/ pers<\/span>\n                      <span\n                        style=\"font-size: 16.16px; font-weight: 400; font-family: tw-cen-mt; color: rgb(23, 37, 42);\">\n                        <br>Plateau de charcuterie<\/span><span style=\"font-size: 16.16px; font-weight: 400; font-family: tw-cen-mt; color: rgb(207, 155, 70);\">&nbsp;&#8211; 6 \u20ac \/ pers<\/span><span style=\"font-size: 16.16px; font-weight: 400; font-family: tw-cen-mt; color: rgb(23, 37, 42);\"><br><\/span><\/p>\n                  <\/div>\n                <\/div>\n                <div data-colibri-id=\"15871-c19\" class=\"h-global-transition-all h-heading style-4644 style-local-15871-c19 position-relative h-element\">\n                  <!---->\n                  <div class=\"h-heading__outer style-4644 style-local-15871-c19\">\n                    <!---->\n                    <!---->\n                    <h2 class=\"\"><span style=\"font-size: 88%; color: rgb(207, 155, 70);\">Les sp\u00e9cialit\u00e9s maison <\/span><\/h2>\n                  <\/div>\n                <\/div>\n                <div data-colibri-id=\"15871-c20\" class=\"h-text h-text-component style-4645 style-local-15871-c20 position-relative h-element\">\n                  <!---->\n                  <!---->\n                  <div class=\"\">\n                    <p><span style=\"color: rgb(23, 37, 42); font-weight: 400;\">Terrine de Foie gras de canard des Landes (500g pour 6 pers)<\/span><span style=\"color: rgb(23, 37, 42); font-weight: 400; font-family: tw-cen-mt; font-size: 16.16px;\">&nbsp;<\/span>\n                      <span\n                        style=\"color: rgb(207, 155, 70); font-weight: 400; font-family: tw-cen-mt; font-size: 16.16px;\">&#8211; 75 \u20ac<\/span>\n                        <br><span style=\"font-weight: 400; color: rgb(23, 37, 42);\">Brie \u00e0 la truffe fait maison (500g pour 9 pers) &#8211;<\/span><span style=\"font-weight: 400; color: rgba(255,255,255,var(--O42jJQ,1));\"> <\/span><span style=\"font-weight: 400; color: rgba(207,155,70,var(--O42jJQ,1));\">25\u20ac<\/span>\n                        <span\n                          style=\"font-weight: 400; color: rgba(255,255,255,var(--O42jJQ,1));\">\n                          <br> <\/span><span style=\"font-weight: 400; color: rgb(23, 37, 42);\">En-K de Caviar (15g) &#8211; <\/span><span style=\"font-weight: 400; color: rgba(207,155,70,var(--O42jJQ,1));\">30\u20ac<\/span>\n                          <br>\n                    <\/p>\n                  <\/div>\n                <\/div>\n                <div data-colibri-id=\"15871-c21\" class=\"h-global-transition-all h-heading style-4644 style-local-15871-c21 position-relative h-element\">\n                  <!---->\n                  <div class=\"h-heading__outer style-4644 style-local-15871-c21\">\n                    <!---->\n                    <!---->\n                    <h2 class=\"\"><span style=\"font-size: 88%; color: rgb(207, 155, 70);\">Le Champagne<\/span><\/h2>\n                  <\/div>\n                <\/div>\n                <div data-colibri-id=\"15871-c22\" class=\"h-text h-text-component style-4645 style-local-15871-c22 position-relative h-element\">\n                  <!---->\n                  <!---->\n                  <div class=\"\">\n                    <p><span style=\"font-weight: 400; color: rgb(23, 37, 42);\">Demi-bouteille (37.5cl) Champagne Amour de Deutz mill\u00e9sim\u00e9 2016 &#8211; <\/span><span style=\"font-weight: 400; color: rgba(207,155,70,var(--O42jJQ,1));\">72\u20ac&nbsp;<\/span><\/p>\n                  <\/div>\n                <\/div>\n                <div data-colibri-id=\"15871-c25\" class=\"h-text h-text-component style-4645 style-local-15871-c25 position-relative h-element\">\n                  <!---->\n                  <!---->\n                  <div class=\"\">\n                    <p><span style=\"font-weight: 400; font-size: 11.2px; font-family: tw-cen-mt; color: rgb(23, 37, 42);\">*Les tarifs sont men\u00e9s \u00e0 \u00e9voluer en fonction du cours des mati\u00e8res.&nbsp;<\/span><\/p>\n                  <\/div>\n                <\/div>\n              <\/div>\n            <\/div>\n          <\/div>\n        <\/div>\n      <\/div>\n    <\/div>\n  <\/div>\n  <div data-colibri-component=\"section\" data-colibri-id=\"15871-c26\" id=\"photo-gallery\" class=\"h-section h-section-global-spacing d-flex align-items-lg-center align-items-md-center align-items-center style-4646 style-local-15871-c26 position-relative\">\n    <!---->\n    <!---->\n    <div class=\"h-section-grid-container h-section-fluid-container\">\n      <!---->\n      <div data-colibri-id=\"15871-c27\" class=\"h-row-container gutters-row-lg-0 gutters-row-md-0 gutters-row-0 gutters-row-v-lg-0 gutters-row-v-md-0 gutters-row-v-0 style-4647 style-local-15871-c27 position-relative\">\n        <!---->\n        <div class=\"h-row justify-content-lg-center justify-content-md-center justify-content-center align-items-lg-stretch align-items-md-stretch align-items-stretch gutters-col-lg-0 gutters-col-md-0 gutters-col-0 gutters-col-v-lg-0 gutters-col-v-md-0 gutters-col-v-0\">\n          <!---->\n          <div class=\"h-column h-column-container d-flex h-col-lg-auto h-col-md-auto h-col-auto style-4648-outer style-local-15871-c28-outer\">\n            <div data-colibri-id=\"15871-c28\" class=\"d-flex h-flex-basis h-column__inner h-ui-empty-state-container h-px-lg-0 h-px-md-0 h-px-0 v-inner-lg-0 v-inner-md-0 v-inner-0 style-4648 style-local-15871-c28 position-relative\">\n              <!---->\n              <!---->\n              <div class=\"w-100 h-y-container h-column__content h-column__v-align flex-basis-100\">\n                <!---->\n              <\/div>\n            <\/div>\n          <\/div>\n        <\/div>\n      <\/div>\n    <\/div>\n  <\/div>\n<\/div>","protected":false},"excerpt":{"rendered":"<p>Nos \u00e9quipes cuisinent \u00e9galement \u00e0 emporter, des mets de qualit\u00e9, r\u00e9alis\u00e9s Maison, qui sauront satisfaire vos papilles ! Les D\u00e9lices \u00e0 Emporter pour vos festivit\u00e9s de fin d&rsquo;ann\u00e9e\u2026 Les plateaux Plateau de saumon fum\u00e9 par nos soins (60g)&nbsp;&#8211; 6 \u20ac \/ pers Plateau de charcuterie&nbsp;&#8211; 6 \u20ac \/ pers Les sp\u00e9cialit\u00e9s maison Terrine de Foie [&hellip;]<\/p>\n","protected":false},"author":1,"featured_media":0,"parent":0,"menu_order":0,"comment_status":"closed","ping_status":"closed","template":"page-templates\/full-width-page.php","meta":{"footnotes":""},"class_list":["post-15871","page","type-page","status-publish","hentry"],"yoast_head":"<!-- This site is optimized with the Yoast SEO plugin v27.1.1 - https:\/\/yoast.com\/product\/yoast-seo-wordpress\/ -->\n<title>Les d\u00e9lices \u00e0 emporter de fin d&#039;ann\u00e9e - Le Garden<\/title>\n<meta name=\"robots\" content=\"index, follow, max-snippet:-1, max-image-preview:large, max-video-preview:-1\" \/>\n<link rel=\"canonical\" href=\"https:\/\/le-garden.com\/index.php\/les-delices-a-emporter-2\/\" \/>\n<meta property=\"og:locale\" content=\"fr_FR\" \/>\n<meta property=\"og:type\" content=\"article\" \/>\n<meta property=\"og:title\" content=\"Les d\u00e9lices \u00e0 emporter de fin d&#039;ann\u00e9e - Le Garden\" \/>\n<meta property=\"og:description\" content=\"Nos \u00e9quipes cuisinent \u00e9galement \u00e0 emporter, des mets de qualit\u00e9, r\u00e9alis\u00e9s Maison, qui sauront satisfaire vos papilles ! Les D\u00e9lices \u00e0 Emporter pour vos festivit\u00e9s de fin d&rsquo;ann\u00e9e\u2026 Les plateaux Plateau de saumon fum\u00e9 par nos soins (60g)&nbsp;&#8211; 6 \u20ac \/ pers Plateau de charcuterie&nbsp;&#8211; 6 \u20ac \/ pers Les sp\u00e9cialit\u00e9s maison Terrine de Foie [&hellip;]\" \/>\n<meta property=\"og:url\" content=\"https:\/\/le-garden.com\/index.php\/les-delices-a-emporter-2\/\" \/>\n<meta property=\"og:site_name\" content=\"Le Garden\" \/>\n<meta property=\"article:modified_time\" content=\"2025-11-27T09:06:22+00:00\" \/>\n<meta name=\"twitter:card\" content=\"summary_large_image\" \/>\n<meta name=\"twitter:label1\" content=\"Dur\u00e9e de lecture estim\u00e9e\" \/>\n\t<meta name=\"twitter:data1\" content=\"1 minute\" \/>\n<script type=\"application\/ld+json\" class=\"yoast-schema-graph\">{\"@context\":\"https:\/\/schema.org\",\"@graph\":[{\"@type\":\"WebPage\",\"@id\":\"https:\/\/le-garden.com\/index.php\/les-delices-a-emporter-2\/\",\"url\":\"https:\/\/le-garden.com\/index.php\/les-delices-a-emporter-2\/\",\"name\":\"Les d\u00e9lices \u00e0 emporter de fin d'ann\u00e9e - Le Garden\",\"isPartOf\":{\"@id\":\"https:\/\/le-garden.com\/#website\"},\"datePublished\":\"2025-11-27T08:49:23+00:00\",\"dateModified\":\"2025-11-27T09:06:22+00:00\",\"breadcrumb\":{\"@id\":\"https:\/\/le-garden.com\/index.php\/les-delices-a-emporter-2\/#breadcrumb\"},\"inLanguage\":\"fr-FR\",\"potentialAction\":[{\"@type\":\"ReadAction\",\"target\":[\"https:\/\/le-garden.com\/index.php\/les-delices-a-emporter-2\/\"]}]},{\"@type\":\"BreadcrumbList\",\"@id\":\"https:\/\/le-garden.com\/index.php\/les-delices-a-emporter-2\/#breadcrumb\",\"itemListElement\":[{\"@type\":\"ListItem\",\"position\":1,\"name\":\"Accueil\",\"item\":\"https:\/\/le-garden.com\/\"},{\"@type\":\"ListItem\",\"position\":2,\"name\":\"Les d\u00e9lices \u00e0 emporter de fin d&rsquo;ann\u00e9e\"}]},{\"@type\":\"WebSite\",\"@id\":\"https:\/\/le-garden.com\/#website\",\"url\":\"https:\/\/le-garden.com\/\",\"name\":\"Le Garden\",\"description\":\"Restaurant\",\"publisher\":{\"@id\":\"https:\/\/le-garden.com\/#organization\"},\"potentialAction\":[{\"@type\":\"SearchAction\",\"target\":{\"@type\":\"EntryPoint\",\"urlTemplate\":\"https:\/\/le-garden.com\/?s={search_term_string}\"},\"query-input\":{\"@type\":\"PropertyValueSpecification\",\"valueRequired\":true,\"valueName\":\"search_term_string\"}}],\"inLanguage\":\"fr-FR\"},{\"@type\":\"Organization\",\"@id\":\"https:\/\/le-garden.com\/#organization\",\"name\":\"Le Garden\",\"url\":\"https:\/\/le-garden.com\/\",\"logo\":{\"@type\":\"ImageObject\",\"inLanguage\":\"fr-FR\",\"@id\":\"https:\/\/le-garden.com\/#\/schema\/logo\/image\/\",\"url\":\"https:\/\/le-garden.com\/wp-content\/uploads\/2023\/10\/cropped-LOGO_LE-GARDEN_RESTAURANT_V.png\",\"contentUrl\":\"https:\/\/le-garden.com\/wp-content\/uploads\/2023\/10\/cropped-LOGO_LE-GARDEN_RESTAURANT_V.png\",\"width\":5906,\"height\":5906,\"caption\":\"Le Garden\"},\"image\":{\"@id\":\"https:\/\/le-garden.com\/#\/schema\/logo\/image\/\"}}]}<\/script>\n<!-- \/ Yoast SEO plugin. -->","yoast_head_json":{"title":"Les d\u00e9lices \u00e0 emporter de fin d'ann\u00e9e - Le Garden","robots":{"index":"index","follow":"follow","max-snippet":"max-snippet:-1","max-image-preview":"max-image-preview:large","max-video-preview":"max-video-preview:-1"},"canonical":"https:\/\/le-garden.com\/index.php\/les-delices-a-emporter-2\/","og_locale":"fr_FR","og_type":"article","og_title":"Les d\u00e9lices \u00e0 emporter de fin d'ann\u00e9e - Le Garden","og_description":"Nos \u00e9quipes cuisinent \u00e9galement \u00e0 emporter, des mets de qualit\u00e9, r\u00e9alis\u00e9s Maison, qui sauront satisfaire vos papilles ! Les D\u00e9lices \u00e0 Emporter pour vos festivit\u00e9s de fin d&rsquo;ann\u00e9e\u2026 Les plateaux Plateau de saumon fum\u00e9 par nos soins (60g)&nbsp;&#8211; 6 \u20ac \/ pers Plateau de charcuterie&nbsp;&#8211; 6 \u20ac \/ pers Les sp\u00e9cialit\u00e9s maison Terrine de Foie [&hellip;]","og_url":"https:\/\/le-garden.com\/index.php\/les-delices-a-emporter-2\/","og_site_name":"Le Garden","article_modified_time":"2025-11-27T09:06:22+00:00","twitter_card":"summary_large_image","twitter_misc":{"Dur\u00e9e de lecture estim\u00e9e":"1 minute"},"schema":{"@context":"https:\/\/schema.org","@graph":[{"@type":"WebPage","@id":"https:\/\/le-garden.com\/index.php\/les-delices-a-emporter-2\/","url":"https:\/\/le-garden.com\/index.php\/les-delices-a-emporter-2\/","name":"Les d\u00e9lices \u00e0 emporter de fin d'ann\u00e9e - Le Garden","isPartOf":{"@id":"https:\/\/le-garden.com\/#website"},"datePublished":"2025-11-27T08:49:23+00:00","dateModified":"2025-11-27T09:06:22+00:00","breadcrumb":{"@id":"https:\/\/le-garden.com\/index.php\/les-delices-a-emporter-2\/#breadcrumb"},"inLanguage":"fr-FR","potentialAction":[{"@type":"ReadAction","target":["https:\/\/le-garden.com\/index.php\/les-delices-a-emporter-2\/"]}]},{"@type":"BreadcrumbList","@id":"https:\/\/le-garden.com\/index.php\/les-delices-a-emporter-2\/#breadcrumb","itemListElement":[{"@type":"ListItem","position":1,"name":"Accueil","item":"https:\/\/le-garden.com\/"},{"@type":"ListItem","position":2,"name":"Les d\u00e9lices \u00e0 emporter de fin d&rsquo;ann\u00e9e"}]},{"@type":"WebSite","@id":"https:\/\/le-garden.com\/#website","url":"https:\/\/le-garden.com\/","name":"Le Garden","description":"Restaurant","publisher":{"@id":"https:\/\/le-garden.com\/#organization"},"potentialAction":[{"@type":"SearchAction","target":{"@type":"EntryPoint","urlTemplate":"https:\/\/le-garden.com\/?s={search_term_string}"},"query-input":{"@type":"PropertyValueSpecification","valueRequired":true,"valueName":"search_term_string"}}],"inLanguage":"fr-FR"},{"@type":"Organization","@id":"https:\/\/le-garden.com\/#organization","name":"Le Garden","url":"https:\/\/le-garden.com\/","logo":{"@type":"ImageObject","inLanguage":"fr-FR","@id":"https:\/\/le-garden.com\/#\/schema\/logo\/image\/","url":"https:\/\/le-garden.com\/wp-content\/uploads\/2023\/10\/cropped-LOGO_LE-GARDEN_RESTAURANT_V.png","contentUrl":"https:\/\/le-garden.com\/wp-content\/uploads\/2023\/10\/cropped-LOGO_LE-GARDEN_RESTAURANT_V.png","width":5906,"height":5906,"caption":"Le Garden"},"image":{"@id":"https:\/\/le-garden.com\/#\/schema\/logo\/image\/"}}]}},"_links":{"self":[{"href":"https:\/\/le-garden.com\/index.php\/wp-json\/wp\/v2\/pages\/15871","targetHints":{"allow":["GET"]}}],"collection":[{"href":"https:\/\/le-garden.com\/index.php\/wp-json\/wp\/v2\/pages"}],"about":[{"href":"https:\/\/le-garden.com\/index.php\/wp-json\/wp\/v2\/types\/page"}],"author":[{"embeddable":true,"href":"https:\/\/le-garden.com\/index.php\/wp-json\/wp\/v2\/users\/1"}],"replies":[{"embeddable":true,"href":"https:\/\/le-garden.com\/index.php\/wp-json\/wp\/v2\/comments?post=15871"}],"version-history":[{"count":2,"href":"https:\/\/le-garden.com\/index.php\/wp-json\/wp\/v2\/pages\/15871\/revisions"}],"predecessor-version":[{"id":15881,"href":"https:\/\/le-garden.com\/index.php\/wp-json\/wp\/v2\/pages\/15871\/revisions\/15881"}],"wp:attachment":[{"href":"https:\/\/le-garden.com\/index.php\/wp-json\/wp\/v2\/media?parent=15871"}],"curies":[{"name":"wp","href":"https:\/\/api.w.org\/{rel}","templated":true}]}}