{"id":15825,"date":"2025-11-27T09:21:12","date_gmt":"2025-11-27T08:21:12","guid":{"rendered":"https:\/\/le-garden.com\/?page_id=15825"},"modified":"2025-11-27T14:47:16","modified_gmt":"2025-11-27T13:47:16","slug":"menu-festif-a-emporter","status":"publish","type":"page","link":"https:\/\/le-garden.com\/index.php\/accueil\/menu-festif-a-emporter\/","title":{"rendered":"Menu festif \u00e0 emporter"},"content":{"rendered":"<div data-colibri-id=\"15825-c1\" class=\"style-4607 style-local-15825-c1 position-relative\">\r\n  <!---->\r\n  <div data-colibri-component=\"section\" data-colibri-id=\"15825-c2\" id=\"photo\" class=\"h-section h-section-global-spacing d-flex align-items-lg-center align-items-md-center align-items-center style-4608 style-local-15825-c2 position-relative\">\r\n    <!---->\r\n    <!---->\r\n    <div class=\"h-section-grid-container h-section-boxed-container\">\r\n      <!---->\r\n      <div data-colibri-id=\"15825-c3\" class=\"h-row-container gutters-row-lg-2 gutters-row-md-2 gutters-row-2 gutters-row-v-lg-2 gutters-row-v-md-2 gutters-row-v-2 style-4609 style-local-15825-c3 position-relative\">\r\n        <!---->\r\n        <div class=\"h-row justify-content-lg-center justify-content-md-center justify-content-center align-items-lg-center align-items-md-center align-items-center gutters-col-lg-2 gutters-col-md-2 gutters-col-2 gutters-col-v-lg-2 gutters-col-v-md-2 gutters-col-v-2\">\r\n          <!---->\r\n          <div class=\"h-column h-column-container d-flex h-col-lg-auto h-col-md-auto h-col-auto align-self-lg-center align-self-md-center align-self-center style-4610-outer style-local-15825-c4-outer\">\r\n            <div data-colibri-id=\"15825-c4\" class=\"d-flex h-flex-basis h-column__inner h-ui-empty-state-container h-px-lg-0 h-px-md-0 h-px-0 v-inner-lg-0 v-inner-md-0 v-inner-0 style-4610 style-local-15825-c4 position-relative\">\r\n              <!---->\r\n              <!---->\r\n              <div class=\"w-100 h-y-container h-column__content h-column__v-align flex-basis-100\">\r\n                <!---->\r\n              <\/div>\r\n            <\/div>\r\n          <\/div>\r\n        <\/div>\r\n      <\/div>\r\n    <\/div>\r\n  <\/div>\r\n  <div data-colibri-component=\"section\" data-colibri-id=\"15825-c5\" id=\"titre-h1\" class=\"h-section h-section-global-spacing d-flex align-items-lg-center align-items-md-center align-items-center style-4611 style-local-15825-c5 position-relative\">\r\n    <!---->\r\n    <!---->\r\n    <div class=\"h-section-grid-container h-section-boxed-container\">\r\n      <!---->\r\n      <div data-colibri-id=\"15825-c6\" class=\"h-row-container gutters-row-lg-2 gutters-row-md-2 gutters-row-0 gutters-row-v-lg-2 gutters-row-v-md-2 gutters-row-v-2 style-4612 style-local-15825-c6 position-relative\">\r\n        <!---->\r\n        <div class=\"h-row justify-content-lg-center justify-content-md-center justify-content-center align-items-lg-stretch align-items-md-stretch align-items-stretch gutters-col-lg-2 gutters-col-md-2 gutters-col-0 gutters-col-v-lg-2 gutters-col-v-md-2 gutters-col-v-2\">\r\n          <!---->\r\n          <div class=\"h-column h-column-container d-flex h-col-lg-auto h-col-md-auto h-col-auto style-4613-outer style-local-15825-c7-outer\">\r\n            <div data-colibri-id=\"15825-c7\" class=\"d-flex h-flex-basis h-column__inner h-px-lg-2 h-px-md-2 h-px-2 v-inner-lg-2 v-inner-md-2 v-inner-2 style-4613 style-local-15825-c7 position-relative\">\r\n              <!---->\r\n              <!---->\r\n              <div class=\"w-100 h-y-container h-column__content h-column__v-align flex-basis-100 align-self-lg-start align-self-md-start align-self-start\">\r\n                <!---->\r\n                <div data-colibri-id=\"15825-c8\" class=\"h-text h-text-component style-4614 style-local-15825-c8 position-relative h-element\">\r\n                  <!---->\r\n                  <!---->\r\n                  <div class=\"\">\r\n                    <h1><span style=\"color: rgb(207, 166, 111); font-size: 90%;\">Menu \u00e0 Emporter de No\u00ebl et de la Saint-Sylvestre &#8211; <\/span><span style=\"color: rgb(23, 37, 42); font-size: 90%;\">65euros<\/span>\r\n                      <br>\r\n                      <br><span style=\"font-size: 81%;\">Retrait au restaurant :<br><\/span><span style=\"font-size: 81%; font-weight: 300; color: rgb(23, 37, 42);\">24 d\u00e9cembre de 13h \u00e0 15h00<\/span><span style=\"font-size: 81%;\"><br><\/span><span style=\"font-size: 81%; color: rgb(23, 37, 42); font-weight: 300;\">31 d\u00e9cembre de 16h \u00e0 18h30<\/span><\/h1>\r\n                    <p>\r\n                      <br>\r\n                    <\/p>\r\n                  <\/div>\r\n                <\/div>\r\n              <\/div>\r\n            <\/div>\r\n          <\/div>\r\n        <\/div>\r\n      <\/div>\r\n    <\/div>\r\n  <\/div>\r\n  <div data-colibri-component=\"section\" data-colibri-id=\"15825-c9\" id=\"blank\" class=\"h-section h-section-global-spacing d-flex align-items-lg-center align-items-md-center align-items-center style-4615 style-local-15825-c9 position-relative\">\r\n    <!---->\r\n    <!---->\r\n    <div class=\"h-section-grid-container h-section-boxed-container\">\r\n      <!---->\r\n      <div data-colibri-id=\"15825-c10\" class=\"h-row-container gutters-row-lg-2 gutters-row-md-2 gutters-row-0 gutters-row-v-lg-2 gutters-row-v-md-2 gutters-row-v-2 style-4616 style-local-15825-c10 position-relative\">\r\n        <!---->\r\n        <div class=\"h-row justify-content-lg-center justify-content-md-center justify-content-center align-items-lg-stretch align-items-md-stretch align-items-stretch gutters-col-lg-2 gutters-col-md-2 gutters-col-0 gutters-col-v-lg-2 gutters-col-v-md-2 gutters-col-v-2\">\r\n          <!---->\r\n          <div class=\"h-column h-column-container d-flex h-col-lg-12 h-col-md-12 h-col-12 style-4617-outer style-local-15825-c11-outer\">\r\n            <div data-colibri-id=\"15825-c11\" class=\"d-flex h-flex-basis h-column__inner h-px-lg-2 h-px-md-2 h-px-2 v-inner-lg-2 v-inner-md-2 v-inner-2 style-4617 style-local-15825-c11 position-relative\">\r\n              <!---->\r\n              <!---->\r\n              <div class=\"w-100 h-y-container h-column__content h-column__v-align flex-basis-100 align-self-lg-start align-self-md-start align-self-start\">\r\n                <!---->\r\n                <div data-colibri-id=\"15825-c12\" class=\"h-text h-text-component style-4618 style-local-15825-c12 position-relative h-element\">\r\n                  <!---->\r\n                  <!---->\r\n                  <div class=\"\">\r\n                    <h2><span style=\"font-weight: 400; color: rgb(207, 166, 111); font-size: 66%;\">3 mises en bouche &#8211; 6\u20ac*<\/span><\/h2>\r\n                    <h2><span style=\"color: rgb(207, 166, 111); font-weight: 400; font-size: 66%;\">Entr\u00e9es<\/span><\/h2>\r\n                    <p><span style=\"font-weight: 400; color: rgb(23, 37, 42);\">Foie gras de canard marbr\u00e9, pomme fondante au cidre doux, gel caramel de pomme verte &#8211; <\/span><span style=\"font-weight: 400; color: rgb(207, 166, 111);\">23\u20ac*<\/span>\r\n                      <br>\r\n                      <u>OU<\/u>\r\n                      <br><span style=\"color: rgb(23, 37, 42); font-weight: 400;\">Tartare de Homard et Gambas en aller-retour, mayonnaise \u00e0 la sauce am\u00e9ricaine, cr\u00e8me de c\u00e9leri rave &#8211; <\/span><span style=\"color: rgb(207, 166, 111); font-weight: 400;\">25\u20ac*<\/span>\r\n                      <br>\r\n                    <\/p>\r\n                    <p>\r\n                      <br>\r\n                    <\/p>\r\n                    <h2><span style=\"color: rgb(207, 166, 111); font-weight: 400; font-size: 66%;\">Plats<\/span><\/h2>\r\n                    <p><span style=\"color: rgb(23, 37, 42); font-weight: 400;\">Supr\u00eame de chapon fondant, ratte et potimarron r\u00f4ti au beurre l\u00e9g\u00e8rement fum\u00e9 au foin, sauce aux morilles &#8211;<\/span><span style=\"color: rgb(207, 166, 111);\"> 27\u20ac*<\/span><span style=\"color: rgb(207, 166, 111); font-weight: 400;\"><br><\/span>\r\n                      <u>OU<\/u>\r\n                      <br><span style=\"font-weight: 400; color: rgb(23, 37, 42);\">Noix de Saint-Jacques snack\u00e9es, l\u00e9gumes racines cuits en cocotte, sauce au Noilly Prat &#8211; <\/span><span style=\"font-weight: 400; color: rgb(207, 166, 111);\">30\u20ac*<\/span><\/p>\r\n                    <p>\r\n                      <br>\r\n                    <\/p>\r\n                    <h2><span style=\"color: rgb(207, 166, 111); font-weight: 400; font-size: 66%;\">Desserts<\/span><\/h2>\r\n                    <p><span style=\"color: rgb(20, 37, 42); font-weight: 400;\">B\u00fbche autour du marron glac\u00e9, de la vanille bourbon de Madagascar et de la cl\u00e9mentine Corse &#8211;<\/span><span style=\"color: rgb(23, 37, 162); font-weight: 400;\"> <\/span><span style=\"color: rgba(207,155,70,var(--O42jJQ,1)); font-weight: 400;\">15\u20ac*<\/span>\r\n                      <br>OU\r\n                      <br><span style=\"color: rgb(23, 37, 42); font-weight: 400;\">B\u00fbche gourmande autour du chocolat Valrhona, du caramel au beurre sal\u00e9 et de la cacahu\u00e8te &#8211; <\/span><span style=\"color: rgba(207,155,70,var(--O42jJQ,1)); font-weight: 400;\">14\u20ac*<\/span><\/p>\r\n                    <p>\r\n                      <br>\r\n                    <\/p>\r\n                    <p>\r\n                      <br>\r\n                    <\/p>\r\n                    <p><span style=\"color: rgba(207,155,70,var(--O42jJQ,1)); font-weight: 400;\">Prix \u00e0 l&rsquo;unit\u00e9*<\/span><\/p>\r\n                  <\/div>\r\n                <\/div>\r\n              <\/div>\r\n            <\/div>\r\n          <\/div>\r\n        <\/div>\r\n      <\/div>\r\n    <\/div>\r\n  <\/div>\r\n  <div data-colibri-component=\"section\" data-colibri-id=\"15825-c17\" id=\"corps\" class=\"h-section h-section-global-spacing d-flex align-items-lg-center align-items-md-center align-items-center style-4623 style-local-15825-c17 position-relative\">\r\n    <!---->\r\n    <!---->\r\n    <div class=\"h-section-grid-container h-section-fluid-container\">\r\n      <!---->\r\n      <div data-colibri-id=\"15825-c18\" class=\"h-row-container gutters-row-lg-2 gutters-row-md-2 gutters-row-0 gutters-row-v-lg-2 gutters-row-v-md-2 gutters-row-v-2 style-4624 style-local-15825-c18 position-relative\">\r\n        <!---->\r\n        <div class=\"h-row justify-content-lg-center justify-content-md-center justify-content-center align-items-lg-stretch align-items-md-stretch align-items-stretch gutters-col-lg-2 gutters-col-md-2 gutters-col-0 gutters-col-v-lg-2 gutters-col-v-md-2 gutters-col-v-2\">\r\n          <!---->\r\n          <div class=\"h-column h-column-container d-flex h-col-lg-auto h-col-md-auto h-col-auto style-4625-outer style-local-15825-c19-outer\">\r\n            <div data-colibri-id=\"15825-c19\" class=\"d-flex h-flex-basis h-column__inner h-px-lg-2 h-px-md-2 h-px-2 v-inner-lg-2 v-inner-md-2 v-inner-2 style-4625 style-local-15825-c19 position-relative\">\r\n              <!---->\r\n              <!---->\r\n              <div class=\"w-100 h-y-container h-column__content h-column__v-align flex-basis-100 align-self-lg-start align-self-md-start align-self-start\">\r\n                <!---->\r\n                <div data-colibri-id=\"15825-c20\" class=\"h-x-container style-4626 style-local-15825-c20 position-relative h-element\">\r\n                  <!---->\r\n                  <div class=\"h-x-container-inner style-dynamic-15825-c20-group style-4626-spacing style-local-15825-c20-spacing\"><span class=\"h-button__outer style-4627-outer style-local-15825-c21-outer d-inline-flex h-element\"><a h-use-smooth-scroll=\"true\" href=\"https:\/\/le-garden.com\/index.php\/reservez-votre-table\/\"  data-colibri-id=\"15825-c21\" class=\"d-flex w-100 align-items-center h-button justify-content-lg-center justify-content-md-center justify-content-center style-4627 style-local-15825-c21 position-relative\"><!----><!----> <span>Contactez-nous<\/span><\/a>\r\n                    <\/span>\r\n                  <\/div>\r\n                <\/div>\r\n              <\/div>\r\n            <\/div>\r\n          <\/div>\r\n        <\/div>\r\n      <\/div>\r\n    <\/div>\r\n  <\/div>\r\n<\/div>","protected":false},"excerpt":{"rendered":"<p>Menu \u00e0 Emporter de No\u00ebl et de la Saint-Sylvestre &#8211; 65euros Retrait au restaurant :24 d\u00e9cembre de 13h \u00e0 15h0031 d\u00e9cembre de 16h \u00e0 18h30 3 mises en bouche &#8211; 6\u20ac* Entr\u00e9es Foie gras de canard marbr\u00e9, pomme fondante au cidre doux, gel caramel de pomme verte &#8211; 23\u20ac* OU Tartare de Homard et Gambas [&hellip;]<\/p>\n","protected":false},"author":1,"featured_media":0,"parent":13856,"menu_order":0,"comment_status":"closed","ping_status":"closed","template":"page-templates\/full-width-page.php","meta":{"footnotes":""},"class_list":["post-15825","page","type-page","status-publish","hentry"],"yoast_head":"<!-- This site is optimized with the Yoast SEO plugin v27.1.1 - https:\/\/yoast.com\/product\/yoast-seo-wordpress\/ -->\n<title>Menu festif \u00e0 emporter - Le Garden<\/title>\n<meta name=\"robots\" content=\"index, follow, max-snippet:-1, max-image-preview:large, max-video-preview:-1\" \/>\n<link rel=\"canonical\" href=\"https:\/\/le-garden.com\/index.php\/accueil\/menu-festif-a-emporter\/\" \/>\n<meta property=\"og:locale\" content=\"fr_FR\" \/>\n<meta property=\"og:type\" content=\"article\" \/>\n<meta property=\"og:title\" content=\"Menu festif \u00e0 emporter - Le Garden\" \/>\n<meta property=\"og:description\" content=\"Menu \u00e0 Emporter de No\u00ebl et de la Saint-Sylvestre &#8211; 65euros Retrait au restaurant :24 d\u00e9cembre de 13h \u00e0 15h0031 d\u00e9cembre de 16h \u00e0 18h30 3 mises en bouche &#8211; 6\u20ac* Entr\u00e9es Foie gras de canard marbr\u00e9, pomme fondante au cidre doux, gel caramel de pomme verte &#8211; 23\u20ac* OU Tartare de Homard et Gambas [&hellip;]\" \/>\n<meta property=\"og:url\" content=\"https:\/\/le-garden.com\/index.php\/accueil\/menu-festif-a-emporter\/\" \/>\n<meta property=\"og:site_name\" content=\"Le Garden\" \/>\n<meta property=\"article:modified_time\" content=\"2025-11-27T13:47:16+00:00\" \/>\n<meta name=\"twitter:card\" content=\"summary_large_image\" \/>\n<meta name=\"twitter:label1\" content=\"Dur\u00e9e de lecture estim\u00e9e\" \/>\n\t<meta name=\"twitter:data1\" content=\"1 minute\" \/>\n<script type=\"application\/ld+json\" class=\"yoast-schema-graph\">{\"@context\":\"https:\/\/schema.org\",\"@graph\":[{\"@type\":\"WebPage\",\"@id\":\"https:\/\/le-garden.com\/index.php\/accueil\/menu-festif-a-emporter\/\",\"url\":\"https:\/\/le-garden.com\/index.php\/accueil\/menu-festif-a-emporter\/\",\"name\":\"Menu festif \u00e0 emporter - Le Garden\",\"isPartOf\":{\"@id\":\"https:\/\/le-garden.com\/#website\"},\"datePublished\":\"2025-11-27T08:21:12+00:00\",\"dateModified\":\"2025-11-27T13:47:16+00:00\",\"breadcrumb\":{\"@id\":\"https:\/\/le-garden.com\/index.php\/accueil\/menu-festif-a-emporter\/#breadcrumb\"},\"inLanguage\":\"fr-FR\",\"potentialAction\":[{\"@type\":\"ReadAction\",\"target\":[\"https:\/\/le-garden.com\/index.php\/accueil\/menu-festif-a-emporter\/\"]}]},{\"@type\":\"BreadcrumbList\",\"@id\":\"https:\/\/le-garden.com\/index.php\/accueil\/menu-festif-a-emporter\/#breadcrumb\",\"itemListElement\":[{\"@type\":\"ListItem\",\"position\":1,\"name\":\"Accueil\",\"item\":\"https:\/\/le-garden.com\/\"},{\"@type\":\"ListItem\",\"position\":2,\"name\":\"Accueil\",\"item\":\"https:\/\/le-garden.com\/\"},{\"@type\":\"ListItem\",\"position\":3,\"name\":\"Menu festif \u00e0 emporter\"}]},{\"@type\":\"WebSite\",\"@id\":\"https:\/\/le-garden.com\/#website\",\"url\":\"https:\/\/le-garden.com\/\",\"name\":\"Le Garden\",\"description\":\"Restaurant\",\"publisher\":{\"@id\":\"https:\/\/le-garden.com\/#organization\"},\"potentialAction\":[{\"@type\":\"SearchAction\",\"target\":{\"@type\":\"EntryPoint\",\"urlTemplate\":\"https:\/\/le-garden.com\/?s={search_term_string}\"},\"query-input\":{\"@type\":\"PropertyValueSpecification\",\"valueRequired\":true,\"valueName\":\"search_term_string\"}}],\"inLanguage\":\"fr-FR\"},{\"@type\":\"Organization\",\"@id\":\"https:\/\/le-garden.com\/#organization\",\"name\":\"Le Garden\",\"url\":\"https:\/\/le-garden.com\/\",\"logo\":{\"@type\":\"ImageObject\",\"inLanguage\":\"fr-FR\",\"@id\":\"https:\/\/le-garden.com\/#\/schema\/logo\/image\/\",\"url\":\"https:\/\/le-garden.com\/wp-content\/uploads\/2023\/10\/cropped-LOGO_LE-GARDEN_RESTAURANT_V.png\",\"contentUrl\":\"https:\/\/le-garden.com\/wp-content\/uploads\/2023\/10\/cropped-LOGO_LE-GARDEN_RESTAURANT_V.png\",\"width\":5906,\"height\":5906,\"caption\":\"Le Garden\"},\"image\":{\"@id\":\"https:\/\/le-garden.com\/#\/schema\/logo\/image\/\"}}]}<\/script>\n<!-- \/ Yoast SEO plugin. -->","yoast_head_json":{"title":"Menu festif \u00e0 emporter - Le Garden","robots":{"index":"index","follow":"follow","max-snippet":"max-snippet:-1","max-image-preview":"max-image-preview:large","max-video-preview":"max-video-preview:-1"},"canonical":"https:\/\/le-garden.com\/index.php\/accueil\/menu-festif-a-emporter\/","og_locale":"fr_FR","og_type":"article","og_title":"Menu festif \u00e0 emporter - Le Garden","og_description":"Menu \u00e0 Emporter de No\u00ebl et de la Saint-Sylvestre &#8211; 65euros Retrait au restaurant :24 d\u00e9cembre de 13h \u00e0 15h0031 d\u00e9cembre de 16h \u00e0 18h30 3 mises en bouche &#8211; 6\u20ac* Entr\u00e9es Foie gras de canard marbr\u00e9, pomme fondante au cidre doux, gel caramel de pomme verte &#8211; 23\u20ac* OU Tartare de Homard et Gambas [&hellip;]","og_url":"https:\/\/le-garden.com\/index.php\/accueil\/menu-festif-a-emporter\/","og_site_name":"Le Garden","article_modified_time":"2025-11-27T13:47:16+00:00","twitter_card":"summary_large_image","twitter_misc":{"Dur\u00e9e de lecture estim\u00e9e":"1 minute"},"schema":{"@context":"https:\/\/schema.org","@graph":[{"@type":"WebPage","@id":"https:\/\/le-garden.com\/index.php\/accueil\/menu-festif-a-emporter\/","url":"https:\/\/le-garden.com\/index.php\/accueil\/menu-festif-a-emporter\/","name":"Menu festif \u00e0 emporter - Le Garden","isPartOf":{"@id":"https:\/\/le-garden.com\/#website"},"datePublished":"2025-11-27T08:21:12+00:00","dateModified":"2025-11-27T13:47:16+00:00","breadcrumb":{"@id":"https:\/\/le-garden.com\/index.php\/accueil\/menu-festif-a-emporter\/#breadcrumb"},"inLanguage":"fr-FR","potentialAction":[{"@type":"ReadAction","target":["https:\/\/le-garden.com\/index.php\/accueil\/menu-festif-a-emporter\/"]}]},{"@type":"BreadcrumbList","@id":"https:\/\/le-garden.com\/index.php\/accueil\/menu-festif-a-emporter\/#breadcrumb","itemListElement":[{"@type":"ListItem","position":1,"name":"Accueil","item":"https:\/\/le-garden.com\/"},{"@type":"ListItem","position":2,"name":"Accueil","item":"https:\/\/le-garden.com\/"},{"@type":"ListItem","position":3,"name":"Menu festif \u00e0 emporter"}]},{"@type":"WebSite","@id":"https:\/\/le-garden.com\/#website","url":"https:\/\/le-garden.com\/","name":"Le Garden","description":"Restaurant","publisher":{"@id":"https:\/\/le-garden.com\/#organization"},"potentialAction":[{"@type":"SearchAction","target":{"@type":"EntryPoint","urlTemplate":"https:\/\/le-garden.com\/?s={search_term_string}"},"query-input":{"@type":"PropertyValueSpecification","valueRequired":true,"valueName":"search_term_string"}}],"inLanguage":"fr-FR"},{"@type":"Organization","@id":"https:\/\/le-garden.com\/#organization","name":"Le Garden","url":"https:\/\/le-garden.com\/","logo":{"@type":"ImageObject","inLanguage":"fr-FR","@id":"https:\/\/le-garden.com\/#\/schema\/logo\/image\/","url":"https:\/\/le-garden.com\/wp-content\/uploads\/2023\/10\/cropped-LOGO_LE-GARDEN_RESTAURANT_V.png","contentUrl":"https:\/\/le-garden.com\/wp-content\/uploads\/2023\/10\/cropped-LOGO_LE-GARDEN_RESTAURANT_V.png","width":5906,"height":5906,"caption":"Le Garden"},"image":{"@id":"https:\/\/le-garden.com\/#\/schema\/logo\/image\/"}}]}},"_links":{"self":[{"href":"https:\/\/le-garden.com\/index.php\/wp-json\/wp\/v2\/pages\/15825","targetHints":{"allow":["GET"]}}],"collection":[{"href":"https:\/\/le-garden.com\/index.php\/wp-json\/wp\/v2\/pages"}],"about":[{"href":"https:\/\/le-garden.com\/index.php\/wp-json\/wp\/v2\/types\/page"}],"author":[{"embeddable":true,"href":"https:\/\/le-garden.com\/index.php\/wp-json\/wp\/v2\/users\/1"}],"replies":[{"embeddable":true,"href":"https:\/\/le-garden.com\/index.php\/wp-json\/wp\/v2\/comments?post=15825"}],"version-history":[{"count":6,"href":"https:\/\/le-garden.com\/index.php\/wp-json\/wp\/v2\/pages\/15825\/revisions"}],"predecessor-version":[{"id":15911,"href":"https:\/\/le-garden.com\/index.php\/wp-json\/wp\/v2\/pages\/15825\/revisions\/15911"}],"up":[{"embeddable":true,"href":"https:\/\/le-garden.com\/index.php\/wp-json\/wp\/v2\/pages\/13856"}],"wp:attachment":[{"href":"https:\/\/le-garden.com\/index.php\/wp-json\/wp\/v2\/media?parent=15825"}],"curies":[{"name":"wp","href":"https:\/\/api.w.org\/{rel}","templated":true}]}}