{"id":1545,"date":"2019-11-07T16:03:16","date_gmt":"2019-11-07T15:03:16","guid":{"rendered":"http:\/\/le-garden.com\/?page_id=1545"},"modified":"2024-04-10T12:38:43","modified_gmt":"2024-04-10T10:38:43","slug":"menu-business","status":"publish","type":"page","link":"https:\/\/le-garden.com\/index.php\/menu-business\/","title":{"rendered":"Menu Business"},"content":{"rendered":"<div data-colibri-id=\"1545-c1\" class=\"style-605 style-local-1545-c1 position-relative\">\n  <!---->\n  <div data-colibri-component=\"section\" data-colibri-id=\"1545-c2\" id=\"about\" class=\"h-section h-section-global-spacing d-flex align-items-lg-center align-items-md-center align-items-center style-606 style-local-1545-c2 position-relative\">\n    <div class=\"background-wrapper\">\n      <div class=\"background-layer background-layer-media-container-lg\">\n        <!---->\n        <div class=\"overlay-layer\">\n          <div class=\"overlay-image-layer\" style=\"background-color: rgb(255, 255, 255); opacity: 0.9;\"><\/div>\n          <div class=\"shape-layer colibri-shape-circles\" style=\"background-position: center center; background-size: cover; background-repeat: no-repeat; filter: invert(0%);\"><\/div>\n        <\/div>\n      <\/div>\n      <div class=\"background-layer background-layer-media-container-md\">\n        <!---->\n        <div class=\"overlay-layer\">\n          <div class=\"overlay-image-layer\" style=\"background-color: rgb(255, 255, 255); opacity: 0.9;\"><\/div>\n          <div class=\"shape-layer colibri-shape-circles\" style=\"background-position: center center; background-size: cover; background-repeat: no-repeat; filter: invert(0%);\"><\/div>\n        <\/div>\n      <\/div>\n      <div class=\"background-layer background-layer-media-container\">\n        <!---->\n        <div class=\"overlay-layer\">\n          <div class=\"overlay-image-layer\" style=\"background-color: rgb(255, 255, 255); opacity: 0.9;\"><\/div>\n          <div class=\"shape-layer colibri-shape-circles\" style=\"background-position: center center; background-size: cover; background-repeat: no-repeat; filter: invert(0%);\"><\/div>\n        <\/div>\n      <\/div>\n    <\/div>\n    <!---->\n    <div class=\"h-section-grid-container h-section-boxed-container\">\n      <!---->\n      <div data-colibri-id=\"1545-c3\" class=\"h-row-container gutters-row-lg-2 gutters-row-md-2 gutters-row-2 gutters-row-v-lg-2 gutters-row-v-md-2 gutters-row-v-2 style-607 style-local-1545-c3 position-relative\">\n        <!---->\n        <div class=\"h-row justify-content-lg-center justify-content-md-center justify-content-center align-items-lg-stretch align-items-md-stretch align-items-stretch gutters-col-lg-2 gutters-col-md-2 gutters-col-2 gutters-col-v-lg-2 gutters-col-v-md-2 gutters-col-v-2\">\n          <!---->\n          <div class=\"h-column h-column-container d-flex h-col-lg-auto h-col-md-auto h-col-auto style-608-outer style-local-1545-c4-outer\">\n            <div data-colibri-id=\"1545-c4\" class=\"d-flex h-flex-basis h-column__inner h-px-lg-2 h-px-md-2 h-px-2 v-inner-lg-2 v-inner-md-2 v-inner-2 style-608 style-local-1545-c4 position-relative\">\n              <!---->\n              <!---->\n              <div class=\"w-100 h-y-container h-column__content h-column__v-align flex-basis-100 align-self-lg-center align-self-md-center align-self-center\">\n                <!---->\n                <div data-colibri-id=\"1545-c5\" class=\"h-text h-text-component style-1757 style-local-1545-c5 position-relative h-element\">\n                  <!---->\n                  <!---->\n                  <div class=\"\">\n                    <h1><span style=\"font-weight: 600; font-size: 163%;\">Menu F\u00eate des P\u00e8res<br><\/span><span style=\"font-weight: 600; font-size: 98%;\">En 5 Temps &#8211; 68 \u20ac<\/span>\n                      <br>\n                      <br>\n                      <br>Mises en bouche\n                      <br>&#8211;\n                      <br>Saumon gravelax, betteraves, framboise, yuzu\n                      <br>&#8211;\n                      <br>Cabillaud, broccolini, f\u00e8ves beurre blanc verveine, oyster leave\n                      <br>&#8211;\n                      <br>Veau, aubergines d\u00e9clin\u00e9es, cerises Bigarreau BIO, miso\n                      <br>&#8211;\n                      <br>Fraise Cl\u00e9ry, Rhubarbe, Glace au lait ferment\u00e9, biscuit madeleine<\/h1>\n                    <p>\n                      <br>\n                    <\/p>\n                  <\/div>\n                <\/div>\n                <div data-colibri-id=\"1545-c6\" class=\"h-global-transition-all h-heading style-609 style-local-1545-c6 position-relative h-element\">\n                  <!---->\n                  <div class=\"h-heading__outer style-609 style-local-1545-c6\">\n                    <!---->\n                    <!---->\n                    <h1 class=\"\"><span style=\"font-size: 37%;\"><br>Un D\u00eener romantique pour la Saint-Valentin ? <br>Un D\u00e9jeuner avec Maman pour la F\u00eate des M\u00e8res ? <br>Ou encore une soir\u00e9e d\u2019exception pour la Saint-Sylvestre ? <br><br><\/span><span style=\"font-size: 58%; font-family: Lora; font-weight: 300;\">D\u00e9couvrez sur cette page <br>nos Menus Sp\u00e9ciaux par Le Garden <br>au fil de l\u2019ann\u00e9e !<\/span>\n                      <span\n                        style=\"font-size: 58%;\">\n                        <br>\n                        <\/span><span style=\"font-size: 37%;\"><br><\/span><span style=\"font-size: 37%; font-weight: 400;\">Toutes les cr\u00e9ations du Chef et de ses \u00e9quipes sont \u00e9labor\u00e9es avec des produits frais et de saison.<\/span><span style=\"font-size: 37%;\"><br><br>Abonnez vous \u00e0 notre page Instagram<br>et restez \u00e0 l\u2019affut des derni\u00e8res nouveaut\u00e9s : @legarden_officiel<\/span>\n                        <br>\n                    <\/h1>\n                  <\/div>\n                <\/div>\n                <div data-colibri-id=\"1545-c7\" class=\"style-823 style-local-1545-c7 position-relative h-element\">\n                  <!---->\n                  <div class=\"\">\n                    <script type=\"text\/javascript\" src=\"https:\/\/module.lafourchette.com\/fr_FR\/js\/horizontal\/327773-deb29\"><\/script>\n                  <\/div>\n                <\/div>\n              <\/div>\n            <\/div>\n          <\/div>\n          <div class=\"h-column h-column-container d-flex h-col-lg-auto h-col-md-auto h-col-auto style-1482-outer style-local-1545-c8-outer\">\n            <div data-colibri-id=\"1545-c8\" class=\"d-flex h-flex-basis h-column__inner h-px-lg-2 h-px-md-2 h-px-2 v-inner-lg-2 v-inner-md-2 v-inner-2 style-1482 style-local-1545-c8 position-relative\">\n              <!---->\n              <!---->\n              <div class=\"w-100 h-y-container h-column__content h-column__v-align flex-basis-100 align-self-lg-start align-self-md-start align-self-start\">\n                <!---->\n                <div data-colibri-id=\"1545-c9\" class=\"d-block style-1484 style-local-1545-c9 position-relative h-element\">\n                  <!---->\n                  <div class=\"h-image__frame-container-outer\">\n                    <div class=\"h-image__frame-container\">\n                      <!---->\n                      <!---->\n                      <img decoding=\"async\" src=\"https:\/\/le-garden.com\/wp-content\/uploads\/2022\/01\/Cabillaud.jpg\" class=\"wp-image-7168 style-1484-image style-local-1545-c9-image\" alt=\"\" \/>\n                      <div class=\"h-image__frame h-hide-lg h-hide-md h-hide-sm style-1484-frameImage style-local-1545-c9-frameImage\"><\/div>\n                    <\/div>\n                  <\/div>\n                <\/div>\n                <div data-colibri-id=\"1545-c10\" class=\"d-block style-1483 style-local-1545-c10 position-relative h-element\">\n                  <!---->\n                  <div class=\"h-image__frame-container-outer\">\n                    <div class=\"h-image__frame-container\">\n                      <!---->\n                      <!---->\n                      <img decoding=\"async\" src=\"https:\/\/le-garden.com\/wp-content\/uploads\/2022\/01\/IMG_4950-2-scaled.jpg\" class=\"wp-image-7166 style-1483-image style-local-1545-c10-image\" alt=\"\" \/>\n                      <div class=\"h-image__frame h-hide-lg h-hide-md h-hide-sm style-1483-frameImage style-local-1545-c10-frameImage\"><\/div>\n                    <\/div>\n                  <\/div>\n                <\/div>\n              <\/div>\n            <\/div>\n          <\/div>\n        <\/div>\n      <\/div>\n    <\/div>\n  <\/div>\n<\/div>","protected":false},"excerpt":{"rendered":"<p>Menu F\u00eate des P\u00e8resEn 5 Temps &#8211; 68 \u20ac Mises en bouche &#8211; Saumon gravelax, betteraves, framboise, yuzu &#8211; Cabillaud, broccolini, f\u00e8ves beurre blanc verveine, oyster leave &#8211; Veau, aubergines d\u00e9clin\u00e9es, cerises Bigarreau BIO, miso &#8211; Fraise Cl\u00e9ry, Rhubarbe, Glace au lait ferment\u00e9, biscuit madeleine Un D\u00eener romantique pour la Saint-Valentin ? Un D\u00e9jeuner avec [&hellip;]<\/p>\n","protected":false},"author":1,"featured_media":0,"parent":0,"menu_order":0,"comment_status":"closed","ping_status":"closed","template":"page-templates\/full-width-page.php","meta":{"footnotes":""},"class_list":["post-1545","page","type-page","status-publish","hentry"],"yoast_head":"<!-- This site is optimized with the Yoast SEO plugin v27.1.1 - https:\/\/yoast.com\/product\/yoast-seo-wordpress\/ -->\n<title>Menu Business - Le Garden<\/title>\n<meta name=\"robots\" content=\"index, follow, max-snippet:-1, max-image-preview:large, max-video-preview:-1\" \/>\n<link rel=\"canonical\" href=\"https:\/\/le-garden.com\/index.php\/menu-business\/\" \/>\n<meta property=\"og:locale\" content=\"fr_FR\" \/>\n<meta property=\"og:type\" content=\"article\" \/>\n<meta property=\"og:title\" content=\"Menu Business - Le Garden\" \/>\n<meta property=\"og:description\" content=\"Menu F\u00eate des P\u00e8resEn 5 Temps &#8211; 68 \u20ac Mises en bouche &#8211; Saumon gravelax, betteraves, framboise, yuzu &#8211; Cabillaud, broccolini, f\u00e8ves beurre blanc verveine, oyster leave &#8211; Veau, aubergines d\u00e9clin\u00e9es, cerises Bigarreau BIO, miso &#8211; Fraise Cl\u00e9ry, Rhubarbe, Glace au lait ferment\u00e9, biscuit madeleine Un D\u00eener romantique pour la Saint-Valentin ? Un D\u00e9jeuner avec [&hellip;]\" \/>\n<meta property=\"og:url\" content=\"https:\/\/le-garden.com\/index.php\/menu-business\/\" \/>\n<meta property=\"og:site_name\" content=\"Le Garden\" \/>\n<meta property=\"article:modified_time\" content=\"2024-04-10T10:38:43+00:00\" \/>\n<meta name=\"twitter:card\" content=\"summary_large_image\" \/>\n<meta name=\"twitter:label1\" content=\"Dur\u00e9e de lecture estim\u00e9e\" \/>\n\t<meta name=\"twitter:data1\" content=\"1 minute\" \/>\n<script type=\"application\/ld+json\" class=\"yoast-schema-graph\">{\"@context\":\"https:\/\/schema.org\",\"@graph\":[{\"@type\":\"WebPage\",\"@id\":\"https:\/\/le-garden.com\/index.php\/menu-business\/\",\"url\":\"https:\/\/le-garden.com\/index.php\/menu-business\/\",\"name\":\"Menu Business - Le Garden\",\"isPartOf\":{\"@id\":\"https:\/\/le-garden.com\/#website\"},\"primaryImageOfPage\":{\"@id\":\"https:\/\/le-garden.com\/index.php\/menu-business\/#primaryimage\"},\"image\":{\"@id\":\"https:\/\/le-garden.com\/index.php\/menu-business\/#primaryimage\"},\"thumbnailUrl\":\"https:\/\/le-garden.com\/wp-content\/uploads\/2022\/01\/Cabillaud.jpg\",\"datePublished\":\"2019-11-07T15:03:16+00:00\",\"dateModified\":\"2024-04-10T10:38:43+00:00\",\"breadcrumb\":{\"@id\":\"https:\/\/le-garden.com\/index.php\/menu-business\/#breadcrumb\"},\"inLanguage\":\"fr-FR\",\"potentialAction\":[{\"@type\":\"ReadAction\",\"target\":[\"https:\/\/le-garden.com\/index.php\/menu-business\/\"]}]},{\"@type\":\"ImageObject\",\"inLanguage\":\"fr-FR\",\"@id\":\"https:\/\/le-garden.com\/index.php\/menu-business\/#primaryimage\",\"url\":\"\",\"contentUrl\":\"\"},{\"@type\":\"BreadcrumbList\",\"@id\":\"https:\/\/le-garden.com\/index.php\/menu-business\/#breadcrumb\",\"itemListElement\":[{\"@type\":\"ListItem\",\"position\":1,\"name\":\"Accueil\",\"item\":\"https:\/\/le-garden.com\/\"},{\"@type\":\"ListItem\",\"position\":2,\"name\":\"Menu Business\"}]},{\"@type\":\"WebSite\",\"@id\":\"https:\/\/le-garden.com\/#website\",\"url\":\"https:\/\/le-garden.com\/\",\"name\":\"Le Garden\",\"description\":\"Restaurant\",\"publisher\":{\"@id\":\"https:\/\/le-garden.com\/#organization\"},\"potentialAction\":[{\"@type\":\"SearchAction\",\"target\":{\"@type\":\"EntryPoint\",\"urlTemplate\":\"https:\/\/le-garden.com\/?s={search_term_string}\"},\"query-input\":{\"@type\":\"PropertyValueSpecification\",\"valueRequired\":true,\"valueName\":\"search_term_string\"}}],\"inLanguage\":\"fr-FR\"},{\"@type\":\"Organization\",\"@id\":\"https:\/\/le-garden.com\/#organization\",\"name\":\"Le Garden\",\"url\":\"https:\/\/le-garden.com\/\",\"logo\":{\"@type\":\"ImageObject\",\"inLanguage\":\"fr-FR\",\"@id\":\"https:\/\/le-garden.com\/#\/schema\/logo\/image\/\",\"url\":\"https:\/\/le-garden.com\/wp-content\/uploads\/2023\/10\/cropped-LOGO_LE-GARDEN_RESTAURANT_V.png\",\"contentUrl\":\"https:\/\/le-garden.com\/wp-content\/uploads\/2023\/10\/cropped-LOGO_LE-GARDEN_RESTAURANT_V.png\",\"width\":5906,\"height\":5906,\"caption\":\"Le Garden\"},\"image\":{\"@id\":\"https:\/\/le-garden.com\/#\/schema\/logo\/image\/\"}}]}<\/script>\n<!-- \/ Yoast SEO plugin. -->","yoast_head_json":{"title":"Menu Business - Le Garden","robots":{"index":"index","follow":"follow","max-snippet":"max-snippet:-1","max-image-preview":"max-image-preview:large","max-video-preview":"max-video-preview:-1"},"canonical":"https:\/\/le-garden.com\/index.php\/menu-business\/","og_locale":"fr_FR","og_type":"article","og_title":"Menu Business - Le Garden","og_description":"Menu F\u00eate des P\u00e8resEn 5 Temps &#8211; 68 \u20ac Mises en bouche &#8211; Saumon gravelax, betteraves, framboise, yuzu &#8211; Cabillaud, broccolini, f\u00e8ves beurre blanc verveine, oyster leave &#8211; Veau, aubergines d\u00e9clin\u00e9es, cerises Bigarreau BIO, miso &#8211; Fraise Cl\u00e9ry, Rhubarbe, Glace au lait ferment\u00e9, biscuit madeleine Un D\u00eener romantique pour la Saint-Valentin ? Un D\u00e9jeuner avec [&hellip;]","og_url":"https:\/\/le-garden.com\/index.php\/menu-business\/","og_site_name":"Le Garden","article_modified_time":"2024-04-10T10:38:43+00:00","twitter_card":"summary_large_image","twitter_misc":{"Dur\u00e9e de lecture estim\u00e9e":"1 minute"},"schema":{"@context":"https:\/\/schema.org","@graph":[{"@type":"WebPage","@id":"https:\/\/le-garden.com\/index.php\/menu-business\/","url":"https:\/\/le-garden.com\/index.php\/menu-business\/","name":"Menu Business - Le Garden","isPartOf":{"@id":"https:\/\/le-garden.com\/#website"},"primaryImageOfPage":{"@id":"https:\/\/le-garden.com\/index.php\/menu-business\/#primaryimage"},"image":{"@id":"https:\/\/le-garden.com\/index.php\/menu-business\/#primaryimage"},"thumbnailUrl":"https:\/\/le-garden.com\/wp-content\/uploads\/2022\/01\/Cabillaud.jpg","datePublished":"2019-11-07T15:03:16+00:00","dateModified":"2024-04-10T10:38:43+00:00","breadcrumb":{"@id":"https:\/\/le-garden.com\/index.php\/menu-business\/#breadcrumb"},"inLanguage":"fr-FR","potentialAction":[{"@type":"ReadAction","target":["https:\/\/le-garden.com\/index.php\/menu-business\/"]}]},{"@type":"ImageObject","inLanguage":"fr-FR","@id":"https:\/\/le-garden.com\/index.php\/menu-business\/#primaryimage","url":"","contentUrl":""},{"@type":"BreadcrumbList","@id":"https:\/\/le-garden.com\/index.php\/menu-business\/#breadcrumb","itemListElement":[{"@type":"ListItem","position":1,"name":"Accueil","item":"https:\/\/le-garden.com\/"},{"@type":"ListItem","position":2,"name":"Menu Business"}]},{"@type":"WebSite","@id":"https:\/\/le-garden.com\/#website","url":"https:\/\/le-garden.com\/","name":"Le Garden","description":"Restaurant","publisher":{"@id":"https:\/\/le-garden.com\/#organization"},"potentialAction":[{"@type":"SearchAction","target":{"@type":"EntryPoint","urlTemplate":"https:\/\/le-garden.com\/?s={search_term_string}"},"query-input":{"@type":"PropertyValueSpecification","valueRequired":true,"valueName":"search_term_string"}}],"inLanguage":"fr-FR"},{"@type":"Organization","@id":"https:\/\/le-garden.com\/#organization","name":"Le Garden","url":"https:\/\/le-garden.com\/","logo":{"@type":"ImageObject","inLanguage":"fr-FR","@id":"https:\/\/le-garden.com\/#\/schema\/logo\/image\/","url":"https:\/\/le-garden.com\/wp-content\/uploads\/2023\/10\/cropped-LOGO_LE-GARDEN_RESTAURANT_V.png","contentUrl":"https:\/\/le-garden.com\/wp-content\/uploads\/2023\/10\/cropped-LOGO_LE-GARDEN_RESTAURANT_V.png","width":5906,"height":5906,"caption":"Le Garden"},"image":{"@id":"https:\/\/le-garden.com\/#\/schema\/logo\/image\/"}}]}},"_links":{"self":[{"href":"https:\/\/le-garden.com\/index.php\/wp-json\/wp\/v2\/pages\/1545","targetHints":{"allow":["GET"]}}],"collection":[{"href":"https:\/\/le-garden.com\/index.php\/wp-json\/wp\/v2\/pages"}],"about":[{"href":"https:\/\/le-garden.com\/index.php\/wp-json\/wp\/v2\/types\/page"}],"author":[{"embeddable":true,"href":"https:\/\/le-garden.com\/index.php\/wp-json\/wp\/v2\/users\/1"}],"replies":[{"embeddable":true,"href":"https:\/\/le-garden.com\/index.php\/wp-json\/wp\/v2\/comments?post=1545"}],"version-history":[{"count":20,"href":"https:\/\/le-garden.com\/index.php\/wp-json\/wp\/v2\/pages\/1545\/revisions"}],"predecessor-version":[{"id":12427,"href":"https:\/\/le-garden.com\/index.php\/wp-json\/wp\/v2\/pages\/1545\/revisions\/12427"}],"wp:attachment":[{"href":"https:\/\/le-garden.com\/index.php\/wp-json\/wp\/v2\/media?parent=1545"}],"curies":[{"name":"wp","href":"https:\/\/api.w.org\/{rel}","templated":true}]}}