{"id":12712,"date":"2024-06-07T18:11:58","date_gmt":"2024-06-07T16:11:58","guid":{"rendered":"https:\/\/le-garden.com\/?page_id=12712"},"modified":"2024-06-14T10:27:09","modified_gmt":"2024-06-14T08:27:09","slug":"menu-fete-des-peres-salle-gastronomique","status":"publish","type":"page","link":"https:\/\/le-garden.com\/index.php\/menu-fete-des-peres-salle-gastronomique\/","title":{"rendered":"Menu f\u00eate des p\u00e8re &#8211; Salle gastronomique"},"content":{"rendered":"\n<p class=\"has-text-align-center\">Venez d\u00e9guster notre menu sp\u00e9cialement pour la f\u00eate des p\u00e8res pens\u00e9 et r\u00e9alis\u00e9 par notre Chef Gastronomique Florian Pl\u00e9 !<\/p>\n\n\n<div class=\"wp-block-image\">\n<figure class=\"aligncenter size-large\"><img decoding=\"async\" src=\"https:\/\/le-garden.com\/wp-content\/uploads\/2024\/06\/cropped-Menu-fete-des-peres-salon-gastro-1-726x1024.png\" alt=\"\" class=\"wp-image-12726\"\/><\/figure>\n<\/div>","protected":false},"excerpt":{"rendered":"<p>Venez d\u00e9guster notre menu sp\u00e9cialement pour la f\u00eate des p\u00e8res pens\u00e9 et r\u00e9alis\u00e9 par notre Chef Gastronomique Florian Pl\u00e9 !<\/p>\n","protected":false},"author":1,"featured_media":0,"parent":0,"menu_order":0,"comment_status":"closed","ping_status":"closed","template":"page-templates\/full-width-page.php","meta":{"footnotes":""},"class_list":["post-12712","page","type-page","status-publish","hentry"],"yoast_head":"<!-- This site is optimized with the Yoast SEO plugin v27.1.1 - https:\/\/yoast.com\/product\/yoast-seo-wordpress\/ -->\n<title>Menu f\u00eate des p\u00e8re - Salle gastronomique - Le Garden<\/title>\n<meta name=\"robots\" content=\"index, follow, max-snippet:-1, max-image-preview:large, max-video-preview:-1\" \/>\n<link rel=\"canonical\" href=\"https:\/\/le-garden.com\/index.php\/menu-fete-des-peres-salle-gastronomique\/\" \/>\n<meta property=\"og:locale\" content=\"fr_FR\" \/>\n<meta property=\"og:type\" content=\"article\" \/>\n<meta property=\"og:title\" content=\"Menu f\u00eate des p\u00e8re - Salle gastronomique - Le Garden\" \/>\n<meta property=\"og:description\" content=\"Venez d\u00e9guster notre menu sp\u00e9cialement pour la f\u00eate des p\u00e8res pens\u00e9 et r\u00e9alis\u00e9 par notre Chef Gastronomique Florian Pl\u00e9 !\" \/>\n<meta property=\"og:url\" content=\"https:\/\/le-garden.com\/index.php\/menu-fete-des-peres-salle-gastronomique\/\" \/>\n<meta property=\"og:site_name\" content=\"Le Garden\" \/>\n<meta property=\"article:modified_time\" content=\"2024-06-14T08:27:09+00:00\" \/>\n<meta name=\"twitter:card\" content=\"summary_large_image\" \/>\n<script type=\"application\/ld+json\" class=\"yoast-schema-graph\">{\"@context\":\"https:\/\/schema.org\",\"@graph\":[{\"@type\":\"WebPage\",\"@id\":\"https:\/\/le-garden.com\/index.php\/menu-fete-des-peres-salle-gastronomique\/\",\"url\":\"https:\/\/le-garden.com\/index.php\/menu-fete-des-peres-salle-gastronomique\/\",\"name\":\"Menu f\u00eate des p\u00e8re - Salle gastronomique - Le Garden\",\"isPartOf\":{\"@id\":\"https:\/\/le-garden.com\/#website\"},\"primaryImageOfPage\":{\"@id\":\"https:\/\/le-garden.com\/index.php\/menu-fete-des-peres-salle-gastronomique\/#primaryimage\"},\"image\":{\"@id\":\"https:\/\/le-garden.com\/index.php\/menu-fete-des-peres-salle-gastronomique\/#primaryimage\"},\"thumbnailUrl\":\"https:\/\/le-garden.com\/wp-content\/uploads\/2024\/06\/cropped-Menu-fete-des-peres-salon-gastro-1-726x1024.png\",\"datePublished\":\"2024-06-07T16:11:58+00:00\",\"dateModified\":\"2024-06-14T08:27:09+00:00\",\"breadcrumb\":{\"@id\":\"https:\/\/le-garden.com\/index.php\/menu-fete-des-peres-salle-gastronomique\/#breadcrumb\"},\"inLanguage\":\"fr-FR\",\"potentialAction\":[{\"@type\":\"ReadAction\",\"target\":[\"https:\/\/le-garden.com\/index.php\/menu-fete-des-peres-salle-gastronomique\/\"]}]},{\"@type\":\"ImageObject\",\"inLanguage\":\"fr-FR\",\"@id\":\"https:\/\/le-garden.com\/index.php\/menu-fete-des-peres-salle-gastronomique\/#primaryimage\",\"url\":\"\",\"contentUrl\":\"\"},{\"@type\":\"BreadcrumbList\",\"@id\":\"https:\/\/le-garden.com\/index.php\/menu-fete-des-peres-salle-gastronomique\/#breadcrumb\",\"itemListElement\":[{\"@type\":\"ListItem\",\"position\":1,\"name\":\"Accueil\",\"item\":\"https:\/\/le-garden.com\/\"},{\"@type\":\"ListItem\",\"position\":2,\"name\":\"Menu f\u00eate des p\u00e8re &#8211; Salle gastronomique\"}]},{\"@type\":\"WebSite\",\"@id\":\"https:\/\/le-garden.com\/#website\",\"url\":\"https:\/\/le-garden.com\/\",\"name\":\"Le Garden\",\"description\":\"Restaurant\",\"publisher\":{\"@id\":\"https:\/\/le-garden.com\/#organization\"},\"potentialAction\":[{\"@type\":\"SearchAction\",\"target\":{\"@type\":\"EntryPoint\",\"urlTemplate\":\"https:\/\/le-garden.com\/?s={search_term_string}\"},\"query-input\":{\"@type\":\"PropertyValueSpecification\",\"valueRequired\":true,\"valueName\":\"search_term_string\"}}],\"inLanguage\":\"fr-FR\"},{\"@type\":\"Organization\",\"@id\":\"https:\/\/le-garden.com\/#organization\",\"name\":\"Le Garden\",\"url\":\"https:\/\/le-garden.com\/\",\"logo\":{\"@type\":\"ImageObject\",\"inLanguage\":\"fr-FR\",\"@id\":\"https:\/\/le-garden.com\/#\/schema\/logo\/image\/\",\"url\":\"https:\/\/le-garden.com\/wp-content\/uploads\/2023\/10\/cropped-LOGO_LE-GARDEN_RESTAURANT_V.png\",\"contentUrl\":\"https:\/\/le-garden.com\/wp-content\/uploads\/2023\/10\/cropped-LOGO_LE-GARDEN_RESTAURANT_V.png\",\"width\":5906,\"height\":5906,\"caption\":\"Le Garden\"},\"image\":{\"@id\":\"https:\/\/le-garden.com\/#\/schema\/logo\/image\/\"}}]}<\/script>\n<!-- \/ Yoast SEO plugin. -->","yoast_head_json":{"title":"Menu f\u00eate des p\u00e8re - Salle gastronomique - Le Garden","robots":{"index":"index","follow":"follow","max-snippet":"max-snippet:-1","max-image-preview":"max-image-preview:large","max-video-preview":"max-video-preview:-1"},"canonical":"https:\/\/le-garden.com\/index.php\/menu-fete-des-peres-salle-gastronomique\/","og_locale":"fr_FR","og_type":"article","og_title":"Menu f\u00eate des p\u00e8re - Salle gastronomique - Le Garden","og_description":"Venez d\u00e9guster notre menu sp\u00e9cialement pour la f\u00eate des p\u00e8res pens\u00e9 et r\u00e9alis\u00e9 par notre Chef Gastronomique Florian Pl\u00e9 !","og_url":"https:\/\/le-garden.com\/index.php\/menu-fete-des-peres-salle-gastronomique\/","og_site_name":"Le Garden","article_modified_time":"2024-06-14T08:27:09+00:00","twitter_card":"summary_large_image","schema":{"@context":"https:\/\/schema.org","@graph":[{"@type":"WebPage","@id":"https:\/\/le-garden.com\/index.php\/menu-fete-des-peres-salle-gastronomique\/","url":"https:\/\/le-garden.com\/index.php\/menu-fete-des-peres-salle-gastronomique\/","name":"Menu f\u00eate des p\u00e8re - Salle gastronomique - Le Garden","isPartOf":{"@id":"https:\/\/le-garden.com\/#website"},"primaryImageOfPage":{"@id":"https:\/\/le-garden.com\/index.php\/menu-fete-des-peres-salle-gastronomique\/#primaryimage"},"image":{"@id":"https:\/\/le-garden.com\/index.php\/menu-fete-des-peres-salle-gastronomique\/#primaryimage"},"thumbnailUrl":"https:\/\/le-garden.com\/wp-content\/uploads\/2024\/06\/cropped-Menu-fete-des-peres-salon-gastro-1-726x1024.png","datePublished":"2024-06-07T16:11:58+00:00","dateModified":"2024-06-14T08:27:09+00:00","breadcrumb":{"@id":"https:\/\/le-garden.com\/index.php\/menu-fete-des-peres-salle-gastronomique\/#breadcrumb"},"inLanguage":"fr-FR","potentialAction":[{"@type":"ReadAction","target":["https:\/\/le-garden.com\/index.php\/menu-fete-des-peres-salle-gastronomique\/"]}]},{"@type":"ImageObject","inLanguage":"fr-FR","@id":"https:\/\/le-garden.com\/index.php\/menu-fete-des-peres-salle-gastronomique\/#primaryimage","url":"","contentUrl":""},{"@type":"BreadcrumbList","@id":"https:\/\/le-garden.com\/index.php\/menu-fete-des-peres-salle-gastronomique\/#breadcrumb","itemListElement":[{"@type":"ListItem","position":1,"name":"Accueil","item":"https:\/\/le-garden.com\/"},{"@type":"ListItem","position":2,"name":"Menu f\u00eate des p\u00e8re &#8211; Salle gastronomique"}]},{"@type":"WebSite","@id":"https:\/\/le-garden.com\/#website","url":"https:\/\/le-garden.com\/","name":"Le Garden","description":"Restaurant","publisher":{"@id":"https:\/\/le-garden.com\/#organization"},"potentialAction":[{"@type":"SearchAction","target":{"@type":"EntryPoint","urlTemplate":"https:\/\/le-garden.com\/?s={search_term_string}"},"query-input":{"@type":"PropertyValueSpecification","valueRequired":true,"valueName":"search_term_string"}}],"inLanguage":"fr-FR"},{"@type":"Organization","@id":"https:\/\/le-garden.com\/#organization","name":"Le Garden","url":"https:\/\/le-garden.com\/","logo":{"@type":"ImageObject","inLanguage":"fr-FR","@id":"https:\/\/le-garden.com\/#\/schema\/logo\/image\/","url":"https:\/\/le-garden.com\/wp-content\/uploads\/2023\/10\/cropped-LOGO_LE-GARDEN_RESTAURANT_V.png","contentUrl":"https:\/\/le-garden.com\/wp-content\/uploads\/2023\/10\/cropped-LOGO_LE-GARDEN_RESTAURANT_V.png","width":5906,"height":5906,"caption":"Le Garden"},"image":{"@id":"https:\/\/le-garden.com\/#\/schema\/logo\/image\/"}}]}},"_links":{"self":[{"href":"https:\/\/le-garden.com\/index.php\/wp-json\/wp\/v2\/pages\/12712","targetHints":{"allow":["GET"]}}],"collection":[{"href":"https:\/\/le-garden.com\/index.php\/wp-json\/wp\/v2\/pages"}],"about":[{"href":"https:\/\/le-garden.com\/index.php\/wp-json\/wp\/v2\/types\/page"}],"author":[{"embeddable":true,"href":"https:\/\/le-garden.com\/index.php\/wp-json\/wp\/v2\/users\/1"}],"replies":[{"embeddable":true,"href":"https:\/\/le-garden.com\/index.php\/wp-json\/wp\/v2\/comments?post=12712"}],"version-history":[{"count":11,"href":"https:\/\/le-garden.com\/index.php\/wp-json\/wp\/v2\/pages\/12712\/revisions"}],"predecessor-version":[{"id":12790,"href":"https:\/\/le-garden.com\/index.php\/wp-json\/wp\/v2\/pages\/12712\/revisions\/12790"}],"wp:attachment":[{"href":"https:\/\/le-garden.com\/index.php\/wp-json\/wp\/v2\/media?parent=12712"}],"curies":[{"name":"wp","href":"https:\/\/api.w.org\/{rel}","templated":true}]}}