{"id":13879,"date":"2024-03-25T12:01:09","date_gmt":"2024-03-25T11:01:09","guid":{"rendered":"http:\/\/ioster.fr\/2\/?post_type=product&#038;p=13879"},"modified":"2026-03-25T12:57:35","modified_gmt":"2026-03-25T11:57:35","slug":"invitation-gastronomique-signature","status":"publish","type":"product","link":"https:\/\/le-garden.com\/boutique\/produit\/invitation-gastronomique-signature\/","title":{"rendered":"Invitation Gastronomique Signature"},"content":{"rendered":"<p><span style=\"color: #000000;\">Ce coffret contient<\/span><\/p>\n<ul>\n<li><span style=\"color: #000000;\">1 Fl\u00fbte de champagne<\/span><\/li>\n<li><span style=\"color: #000000;\">1 Menu D\u00e9gustation\u00a0(En 6 temps)<\/span><\/li>\n<li><span style=\"color: #000000;\">Accord Mets &amp; Vins<\/span><\/li>\n<li><span style=\"color: #000000;\">1 Boisson Chaude<\/span><\/li>\n<\/ul>\n<p>&nbsp;<\/p>\n<p><em>Coffret utilisable \u00e0 la date de votre choix pour une dur\u00e9e d&rsquo;un an selon disponibilit\u00e9s (hors jours f\u00e9ri\u00e9s et menus sp\u00e9ciaux). Merci de nous pr\u00e9ciser \u00e0 la r\u00e9servation que vous \u00eates en possession d&rsquo;un coffret cadeau.<\/em><\/p>\n","protected":false},"excerpt":{"rendered":"<p>Ce coffret contient<\/p>\n<ul>\n<li>1 Fl\u00fbte de champagne<\/li>\n<li>1 Menu D\u00e9gustation\u00a0(En 6 temps)<\/li>\n<li>Accord Mets &amp; Vins<\/li>\n<li>1 Boisson Chaude<\/li>\n<\/ul>\n","protected":false},"featured_media":5082,"template":"","meta":[],"product_brand":[],"product_cat":[20],"product_tag":[],"class_list":{"0":"post-13879","1":"product","2":"type-product","3":"status-publish","4":"has-post-thumbnail","6":"product_cat-non-classe","8":"first","9":"instock","10":"taxable","11":"shipping-taxable","12":"purchasable","13":"product-type-variable"},"_links":{"self":[{"href":"https:\/\/le-garden.com\/boutique\/wp-json\/wp\/v2\/product\/13879","targetHints":{"allow":["GET"]}}],"collection":[{"href":"https:\/\/le-garden.com\/boutique\/wp-json\/wp\/v2\/product"}],"about":[{"href":"https:\/\/le-garden.com\/boutique\/wp-json\/wp\/v2\/types\/product"}],"wp:featuredmedia":[{"embeddable":true,"href":"https:\/\/le-garden.com\/boutique\/wp-json\/wp\/v2\/media\/5082"}],"wp:attachment":[{"href":"https:\/\/le-garden.com\/boutique\/wp-json\/wp\/v2\/media?parent=13879"}],"wp:term":[{"taxonomy":"product_brand","embeddable":true,"href":"https:\/\/le-garden.com\/boutique\/wp-json\/wp\/v2\/product_brand?post=13879"},{"taxonomy":"product_cat","embeddable":true,"href":"https:\/\/le-garden.com\/boutique\/wp-json\/wp\/v2\/product_cat?post=13879"},{"taxonomy":"product_tag","embeddable":true,"href":"https:\/\/le-garden.com\/boutique\/wp-json\/wp\/v2\/product_tag?post=13879"}],"curies":[{"name":"wp","href":"https:\/\/api.w.org\/{rel}","templated":true}]}}